{"id":2344,"date":"2021-07-13T20:57:34","date_gmt":"2021-07-13T18:57:34","guid":{"rendered":"https:\/\/thesewingboxmag.com\/en\/?post_type=product&#038;p=2344"},"modified":"2025-08-19T12:06:36","modified_gmt":"2025-08-19T10:06:36","slug":"the-sewing-box-magazine-8-version-digital","status":"publish","type":"product","link":"https:\/\/thesewingboxmag.com\/en\/product\/the-sewing-box-magazine-8-version-digital\/","title":{"rendered":"The Sewing Box Magazine 8 digital edition"},"content":{"rendered":"\r\n\r\n\r\n\r\n\r\n\r\n\r\n\r\n\r\n\r\n\r\n\r\n\r\n<figure class=\"wp-block-image size-large\"><img decoding=\"async\" class=\"lazyload wp-image-6686\" src=\"data:image\/gif;base64,R0lGODlhAQABAAAAACH5BAEKAAEALAAAAAABAAEAAAICTAEAOw==\" data-orig-src=\"https:\/\/thesewingboxmag.com\/wp-content\/uploads\/2021\/04\/TSBM8-NUEVA-WEB-21-765x1024.jpg\" alt=\"\" \/><\/figure>\r\n\r\n\r\n\r\n\r\n\r\n<div class=\"wp-block-spacer\" style=\"height: 32px;\" aria-hidden=\"true\">\u00a0<\/div>\r\n\r\n\r\n\r\n\r\n\r\n\r\n\r\n\r\n\r\n\r\n\r\n<div class=\"wp-block-spacer\" style=\"height: 16px;\" aria-hidden=\"true\">\u00a0<\/div>\r\n\r\n\r\n\r\n\r\n\r\n<div class=\"wp-block-spacer\" style=\"height: 16px;\" aria-hidden=\"true\">\u00a0<\/div>\r\n\r\n\r\n\r\n<p><strong>ONLY AVAILABLE IN DIGITAL<\/strong><\/p>\r\n\r\n\r\n\r\n<p>Can needle and crochet change the world? How many times have we said that knitting or crafting is therapeutic? Do crafts help us to improve our self-esteem of lengthen our lives?<\/p>\r\n\r\n\r\n\r\n<p>You will find all the answers in our publications.<\/p>\r\n\r\n\r\n\r\n<p>Discover new craft experiences from your favorite designers. Patterns, inspiration and much more. It&#8217;s time for you to get inspired and learn from the best.<\/p>\r\n\r\n\r\n\r\n<p><strong>DETAILS<\/strong>:<br \/>Digital edition (instant download)<br \/>120 pages<br \/>Bonus content: special knitting and crochet patterns<br \/>ISBN 978-84-9439867-1-0<\/p>\r\n\r\n\r\n\r\n<p><strong>More information below<\/strong><\/p>\r\n\r\n\r\n<hr class=\"wp-block-separator has-text-color has-background has-pale-pink-background-color has-pale-pink-color is-style-default\" \/>\r\n\r\n\r\n<div class=\"wp-block-spacer\" style=\"height: 24px;\" aria-hidden=\"true\">\u00a0<\/div>\r\n\r\n\r\n\r\n\r\n\r\n\r\n\r\n\r\n\r\n\r\n\r\n\r\n\r\n<p>Valuation:<\/p>\r\n\r\n\r\n\r\n\r\n\r\n<div data-block-name=\"woocommerce\/reviews-by-product\" data-edit-mode=\"false\" data-show-review-content=\"false\" data-show-review-date=\"false\" data-show-review-image=\"false\" data-show-reviewer-name=\"false\" class=\"wp-block-woocommerce-reviews-by-product wc-block-reviews-by-product has-rating\" data-image-type=\"reviewer\" data-orderby=\"most-recent\" data-reviews-on-page-load=\"10\" data-reviews-on-load-more=\"10\" data-show-load-more=\"false\" data-show-orderby=\"false\" data-product-id=\"1728\">\u00a0<\/div>\r\n\r\n\r\n\r\n\r\n\r\n<div class=\"wp-block-spacer\" style=\"height: 24px;\" aria-hidden=\"true\">\u00a0<\/div>\r\n\r\n\r\n\r\n\r\n\r\n\r\n\r\n<p>Share:<\/p>\r\n\r\n\r\n\r\n\r\n\r\n<div class=\"wp-block-getwid-social-links has-default-spacing\" style=\"font-size: 20px;\">\r\n<ul class=\"wp-block-getwid-social-links__list getwid-justify-content-flex-start getwid-justify-content-tablet-flex-start getwid-justify-content-mobile-flex-start\">\r\n<li class=\"wp-block-getwid-social-links__item\">\u00a0<\/li>\r\n<li class=\"wp-block-getwid-social-links__item\">\u00a0<\/li>\r\n<li class=\"wp-block-getwid-social-links__item\">\u00a0<\/li>\r\n<li class=\"wp-block-getwid-social-links__item\">\u00a0<\/li>\r\n<\/ul>\r\n<\/div>\r\n\r\n\r\n\r\n\r\n\r\n<div class=\"wp-block-spacer\" style=\"height: 60px;\" aria-hidden=\"true\">\u00a0<\/div>\r\n\r\n\r\n\r\n\r\n\r\n\r\n\r\n\r\n\r\n\r\n\r\n<section id=\"gm5d0ae4f\" class=\"wp-block-gutentor-m0 section-gm5d0ae4f gutentor-module gutentor-module-carousel gutentor-slick-a-default-desktop gutentor-slick-a-default-tablet\">\r\n<div class=\"grid-container\">\r\n<div class=\"gutentor-module-carousel-row\" data-dots=\"false\" data-dotstablet=\"false\" data-dotsmobile=\"false\" data-arrows=\"true\" data-arrowstablet=\"true\" data-arrowsmobile=\"false\" data-infinite=\"true\" data-autoplay=\"true\" data-draggable=\"true\" data-pauseonfocus=\"true\" data-pauseonhover=\"true\" data-autoplayspeed=\"3000\" data-cmondesktop=\"false\" data-cmontablet=\"false\" data-cmonmobile=\"false\" data-nextarrow=\"fas fa-angle-right\" data-prevarrow=\"fas fa-angle-left\" data-arrowspositiondesktop=\"gutentor-slick-a-default-desktop\" data-arrowspositiontablet=\"gutentor-slick-a-default-tablet\" data-arrowspositionmobile=\"gutentor-slick-a-default-mobile\" data-speed=\"300\" data-slideitemdesktop=\"4\" data-slideitemtablet=\"3\" data-slideitemmobile=\"2\" data-slidescroll-desktop=\"1\" data-slidescroll-tablet=\"3\" data-slidescroll-mobile=\"2\">\r\n<div id=\"col-gmb99b93\" class=\"wp-block-gutentor-m0-col col-gmb99b93 gutentor-carousel-item\">\r\n<div id=\"section-gmb99b93\" class=\"section-gmb99b93 gutentor-col-wrap\">\r\n<div id=\"section-g53c0c3\" class=\"wp-block-gutentor-e6 section-g53c0c3 gutentor-element gutentor-element-image gutentor-enabled-width text-align-center-desktop\">\r\n<div class=\"gutentor-element-image-box\">\r\n<div class=\"gutentor-bg-image\">\u00a0<\/div>\r\n<\/div>\r\n<\/div>\r\n<\/div>\r\n<\/div>\r\n\r\n\r\n\r\n<div id=\"col-gm80efd7\" class=\"wp-block-gutentor-m0-col col-gm80efd7 gutentor-carousel-item\">\r\n<div id=\"section-gm80efd7\" class=\"section-gm80efd7 gutentor-col-wrap\">\r\n<div id=\"section-gfc96f2\" class=\"wp-block-gutentor-e6 section-gfc96f2 gutentor-element gutentor-element-image gutentor-enabled-width text-align-center-desktop\">\r\n<div class=\"gutentor-element-image-box\">\r\n<div class=\"gutentor-bg-image\">\u00a0<\/div>\r\n<\/div>\r\n<\/div>\r\n<\/div>\r\n<\/div>\r\n\r\n\r\n\r\n<div id=\"col-gmf75b67\" class=\"wp-block-gutentor-m0-col col-gmf75b67 gutentor-carousel-item\">\r\n<div id=\"section-gmf75b67\" class=\"section-gmf75b67 gutentor-col-wrap\">\r\n<div id=\"section-gfd48b2\" class=\"wp-block-gutentor-e6 section-gfd48b2 gutentor-element gutentor-element-image gutentor-enabled-width text-align-center-desktop\">\r\n<div class=\"gutentor-element-image-box\">\r\n<div class=\"gutentor-bg-image\">\u00a0<\/div>\r\n<\/div>\r\n<\/div>\r\n<\/div>\r\n<\/div>\r\n\r\n\r\n\r\n<div id=\"col-gmf1cfdf\" class=\"wp-block-gutentor-m0-col col-gmf1cfdf gutentor-carousel-item\">\r\n<div id=\"section-gmf1cfdf\" class=\"section-gmf1cfdf gutentor-col-wrap\">\r\n<div id=\"section-g899945\" class=\"wp-block-gutentor-e6 section-g899945 gutentor-element gutentor-element-image gutentor-enabled-width text-align-center-desktop\">\r\n<div class=\"gutentor-element-image-box\">\r\n<div class=\"gutentor-bg-image\">\u00a0<\/div>\r\n<\/div>\r\n<\/div>\r\n<\/div>\r\n<\/div>\r\n\r\n\r\n\r\n<div id=\"col-gm35c8c1\" class=\"wp-block-gutentor-m0-col col-gm35c8c1 gutentor-carousel-item\">\r\n<div id=\"section-gm35c8c1\" class=\"section-gm35c8c1 gutentor-col-wrap\">\r\n<div id=\"section-g115385\" class=\"wp-block-gutentor-e6 section-g115385 gutentor-element gutentor-element-image gutentor-enabled-width text-align-center-desktop\">\r\n<div class=\"gutentor-element-image-box\">\r\n<div class=\"gutentor-image-thumb\"><img decoding=\"async\" class=\"lazyload normal-image\" src=\"data:image\/gif;base64,R0lGODlhAQABAAAAACH5BAEKAAEALAAAAAABAAEAAAICTAEAOw==\" data-orig-src=\"https:\/\/thesewingboxmag.com\/wp-content\/uploads\/2021\/04\/TSBM8-INTERIOR-IPADA-6.jpg\" \/><\/div>\r\n<\/div>\r\n<\/div>\r\n<\/div>\r\n<\/div>\r\n\r\n\r\n\r\n<div id=\"col-gmd46439\" class=\"wp-block-gutentor-m0-col col-gmd46439 gutentor-carousel-item\">\r\n<div id=\"section-gmd46439\" class=\"section-gmd46439 gutentor-col-wrap\">\r\n<div id=\"section-g42b084\" class=\"wp-block-gutentor-e6 section-g42b084 gutentor-element gutentor-element-image gutentor-enabled-width text-align-center-desktop\">\r\n<div class=\"gutentor-element-image-box\">\r\n<div class=\"gutentor-bg-image\">\u00a0<\/div>\r\n<\/div>\r\n<\/div>\r\n<\/div>\r\n<\/div>\r\n\r\n\r\n\r\n<div id=\"col-gmb1d4b8\" class=\"wp-block-gutentor-m0-col col-gmb1d4b8 gutentor-carousel-item\">\r\n<div id=\"section-gmb1d4b8\" class=\"section-gmb1d4b8 gutentor-col-wrap\">\r\n<div id=\"section-gb8a1e6\" class=\"wp-block-gutentor-e6 section-gb8a1e6 gutentor-element gutentor-element-image gutentor-enabled-width text-align-center-desktop\">\r\n<div class=\"gutentor-element-image-box\">\r\n<div class=\"gutentor-bg-image\">\u00a0<\/div>\r\n<\/div>\r\n<\/div>\r\n<\/div>\r\n<\/div>\r\n\r\n\r\n\r\n<div id=\"col-gm01d972\" class=\"wp-block-gutentor-m0-col col-gm01d972 gutentor-carousel-item\">\r\n<div id=\"section-gm01d972\" class=\"section-gm01d972 gutentor-col-wrap\">\r\n<div id=\"section-ga5ef76\" class=\"wp-block-gutentor-e6 section-ga5ef76 gutentor-element gutentor-element-image gutentor-enabled-width text-align-center-desktop\">\r\n<div class=\"gutentor-element-image-box\">\r\n<div class=\"gutentor-bg-image\">\u00a0<\/div>\r\n<\/div>\r\n<\/div>\r\n<\/div>\r\n<\/div>\r\n<\/div>\r\n<\/div>\r\n<\/section>\r\n\r\n\r\n\r\n\r\n\r\n\r\n\r\n\r\n\r\n\r\n\r\n\r\n\r\n<section id=\"cff840\" class=\"section-cff840 gutentor-module gutentor-module-tabs gutentor-tabs-layout-horizontal gutentor-tabs-pos-top\">\r\n<div class=\"grid-container\">\r\n<div class=\"gutentor-module-tabs-wrap gutentor-tabs-style-fill\" data-id=\"cff840\">\r\n<div class=\"gutentor-module-tabs-nav text-align-center-desktop\"><span class=\"gutentor-module-tabs-item gm-tt-cff840 gutentor-tabs-nav-active\"><span class=\"gutentor-module-tabs-title\">Description<\/span><\/span><span class=\"gutentor-module-tabs-item gm-tt-cff840\"><span class=\"gutentor-module-tabs-title\">Valuations<\/span><\/span><\/div>\r\n<div class=\"gutentor-module-tabs-body\">\r\n<div class=\"wp-block-gutentor-m7-tab gutentor-module-tabs-content gm-tc-cff840 gutentor-tabs-content-active\">\r\n<p><strong>CONTENT<\/strong><\/p>\r\n<p><strong>DESIGNERS AND CRAFT ENTREPRENEURS<\/strong>: Ara\u00f1a Tejedora, Beb\u00e9 Karioca, Blu\u00fc, De Estraperlo, El Club de la Calceta, El Club Lul\u00fa, Irene Strange, Knifty Knitting, Knitting the Skyline, Little Treasures, Misscacharritos, Potter &amp; Bloom, Xamalo85, Vaskavullaknit, Zak a dit and Alimaravillas.<\/p>\r\n<p><strong>TECHNIQUES<\/strong>:<\/p>\r\n<p>AMIGURUMI: Manolete Mollete; Colette, the Little Flamingo.<\/p>\r\n<p>CROCHET: Thriller T-Shirt, Crochet Top, Tanit Top, Pineapplesky Shawl, Peacock Feathers Necklace &amp; Earrings, Lavender Hat, Ruffalo Shawl, Crochet and Round Bag, Coni Custom, Manzanilla Fingerless Gloves.<\/p>\r\n<p>KNITTING: Daylight Breaking Shawl, Urbasa Shawl, Kajsa\u2019s Sweater.<\/p>\r\n<p>OTHERS: Triangle Pattern Macram\u00e9 Mural, 10 mins Funny Pack, Yarn Bombing.<\/p>\r\n<p><strong>ILLUSTRATORS<\/strong>: Studio Bon, Xaviera Altena, Noa Snir, Zah\u00e9lie, Teresa Bell\u00f3n and Beya Reba\u00ef.<\/p>\r\n<p><strong>STEP-BY-STEP INSTRUCTIONS: <\/strong>each of these projects includes detailed instructions with images of how to make it, in which you will find the level of difficulty and everything you need to do it.\u00a0<\/p>\r\n<\/div>\r\n\r\n\r\n\r\n<div class=\"wp-block-gutentor-m7-tab gutentor-module-tabs-content gm-tc-cff840\">\r\n<div data-block-name=\"woocommerce\/reviews-by-product\" data-edit-mode=\"false\" class=\"wp-block-woocommerce-reviews-by-product wc-block-reviews-by-product has-image has-name has-date has-rating has-content\" data-image-type=\"reviewer\" data-orderby=\"most-recent\" data-reviews-on-page-load=\"10\" data-reviews-on-load-more=\"10\" data-show-load-more=\"true\" data-show-orderby=\"true\" data-product-id=\"1728\">\u00a0<\/div>\r\n<\/div>\r\n<\/div>\r\n<\/div>\r\n<\/div>\r\n<\/section>\r\n\r\n\r\n\r\n\r\n\r\n\r\n\r\n\r\n\r\n\r\n\r\n\r\n\r\n\r\n\r\n\r\n\r\n<p>&nbsp;<\/p>\r\n\r\n<p>[\/fusion_builder_column][\/fusion_builder_row][\/fusion_builder_container]<\/p>","protected":false},"excerpt":{"rendered":"<p>This beautiful e-book in English brings together a celebration of the work of designers and craft entrepeneurs from the world of <strong>crochet<\/strong>, <strong>knitting<\/strong>, <strong>amigurumis<\/strong>, <strong>macram\u00e9 <\/strong>and<strong> sewing<\/strong>. Through their clear instructions and expert tips, you will be able to build on your technique and take on projects that will fill your life with enjoyment and motivation.<\/p>\n<p>Includes:<\/p>\n<p><strong>Knitting:<\/strong> Daylight Breaking Shawl (Knifty Knitting), Urbasa Shawl (Xamalo85), Kajsa\u2019s Sweater (Vaskavullaknit).<\/p>\n<p><strong>Crochet:<\/strong> Thriller T-Shirt (Ara\u00f1a Tejedora), Crochet Top (Blu\u00fc), Tanit Top (El Club de la Calceta), Pineapplesky Shawl (Knitting the Skyline), Peacock Feathers Necklace &amp; Earrings, (Little Treasures) Lavender Hat (Misscacharritos), Ruffalo Shawl (Potter &amp; Bloom), Crochet and Round Bag (Zak a dit), Coni Custom (Alimaravillas) Manzanilla Fingerless Gloves (Gallimelmas).<\/p>\n<p><strong>Amigurumi:<\/strong> Manolete Mollete (De Estraperlo) Colette, the Little Flamingo (Irene Strange).<\/p>\n<p><strong>Macram\u00e9:<\/strong> Triangle Pattern Macram\u00e9 Mural (Beb\u00e9 Karioca).<\/p>\n<p><strong>Sewing:<\/strong> 10 mins Funny Pack (Club Lul\u00fa Ferris).<\/p>\n<p><strong>Interview:<\/strong> Special Yarn Bombing by Alimaravillas.<\/p>\n<p><strong>Craft experiences<\/strong>: Hand-dyed merino wool by Casasol and T\u00edntica<\/p>\n<p><b>6 illustrations<\/b>.<\/p>\n<p>After purchase, you will receive an email with a direct download link of the e-book. We recommend that you download your item as soon as your message arrives. If you&#8217;ve not received your download instructions within 24 hours of placing your order or have problems downloading the book, please email us at info@thesewingboxmag.com<\/p>\n[fusion_button link=\"https:\/\/sowl.co\/XYayq\" enable_hover_text_icon=\"no\" hover_text=\"\" title=\"\" target=\"_blank\" link_attributes=\"\" aria_role_button=\"0\" alignment_medium=\"\" alignment_small=\"\" alignment=\"\" modal=\"\" hide_on_mobile=\"small-visibility,medium-visibility,large-visibility\" sticky_display=\"normal,sticky\" class=\"\" id=\"\" color=\"default\" button_gradient_top_color_hover=\"\" hue=\"\" saturation=\"\" lightness=\"\" alpha=\"\" button_gradient_top_color=\"\" button_gradient_bottom_color_hover=\"\" button_gradient_bottom_color=\"\" gradient_start_position=\"\" gradient_end_position=\"\" gradient_type=\"\" radial_direction=\"\" linear_angle=\"\" accent_hover_color=\"\" accent_color=\"\" type=\"\" bevel_color=\"\" bevel_color_hover=\"\" border_top=\"\" border_right=\"\" border_bottom=\"\" border_left=\"\" border_radius_top_left=\"\" border_radius_top_right=\"\" border_radius_bottom_right=\"\" border_radius_bottom_left=\"\" border_hover_color=\"\" border_color=\"\" size=\"\" padding_top=\"\" padding_right=\"\" padding_bottom=\"\" padding_left=\"\" fusion_font_family_button_font=\"\" fusion_font_variant_button_font=\"\" font_size=\"\" line_height=\"\" letter_spacing=\"\" text_transform=\"\" stretch=\"default\" margin_top=\"\" margin_right=\"\" margin_bottom=\"\" margin_left=\"\" icon=\"\" hover_icon=\"\" icon_position=\"left\" icon_divider=\"no\" hover_transition=\"none\" animation_type=\"\" animation_direction=\"left\" animation_color=\"\" animation_speed=\"0.3\" animation_delay=\"0\" animation_offset=\"\"]Buy now[\/fusion_button]\n","protected":false},"featured_media":17481,"comment_status":"open","ping_status":"closed","template":"","meta":[],"product_brand":[],"product_cat":[71],"product_tag":[],"class_list":{"0":"post-2344","1":"product","2":"type-product","3":"status-publish","4":"has-post-thumbnail","6":"product_cat-the-sewing-box-digital","8":"first","9":"instock","10":"downloadable","11":"virtual","12":"taxable","13":"purchasable","14":"product-type-simple"},"_links":{"self":[{"href":"https:\/\/thesewingboxmag.com\/en\/wp-json\/wp\/v2\/product\/2344","targetHints":{"allow":["GET"]}}],"collection":[{"href":"https:\/\/thesewingboxmag.com\/en\/wp-json\/wp\/v2\/product"}],"about":[{"href":"https:\/\/thesewingboxmag.com\/en\/wp-json\/wp\/v2\/types\/product"}],"replies":[{"embeddable":true,"href":"https:\/\/thesewingboxmag.com\/en\/wp-json\/wp\/v2\/comments?post=2344"}],"wp:featuredmedia":[{"embeddable":true,"href":"https:\/\/thesewingboxmag.com\/en\/wp-json\/wp\/v2\/media\/17481"}],"wp:attachment":[{"href":"https:\/\/thesewingboxmag.com\/en\/wp-json\/wp\/v2\/media?parent=2344"}],"wp:term":[{"taxonomy":"product_brand","embeddable":true,"href":"https:\/\/thesewingboxmag.com\/en\/wp-json\/wp\/v2\/product_brand?post=2344"},{"taxonomy":"product_cat","embeddable":true,"href":"https:\/\/thesewingboxmag.com\/en\/wp-json\/wp\/v2\/product_cat?post=2344"},{"taxonomy":"product_tag","embeddable":true,"href":"https:\/\/thesewingboxmag.com\/en\/wp-json\/wp\/v2\/product_tag?post=2344"}],"curies":[{"name":"wp","href":"https:\/\/api.w.org\/{rel}","templated":true}]}}