{"id":2330,"date":"2021-07-13T19:06:07","date_gmt":"2021-07-13T17:06:07","guid":{"rendered":"https:\/\/thesewingboxmag.com\/en\/?post_type=product&#038;p=2330"},"modified":"2025-08-19T12:03:50","modified_gmt":"2025-08-19T10:03:50","slug":"the-sewing-box-magazine-5-version-digital","status":"publish","type":"product","link":"https:\/\/thesewingboxmag.com\/en\/product\/the-sewing-box-magazine-5-version-digital\/","title":{"rendered":"The Sewing Box Magazine 5 digital edition"},"content":{"rendered":"\r\n\r\n\r\n\r\n\r\n\r\n\r\n\r\n\r\n\r\n\r\n\r\n\r\n<figure class=\"wp-block-image size-large\"><img decoding=\"async\" class=\"lazyload wp-image-6693\" src=\"data:image\/gif;base64,R0lGODlhAQABAAAAACH5BAEKAAEALAAAAAABAAEAAAICTAEAOw==\" data-orig-src=\"https:\/\/thesewingboxmag.com\/wp-content\/uploads\/2021\/04\/TSBM-5-IPAD-21-765x1024.jpg\" alt=\"\" \/><\/figure>\r\n\r\n\r\n\r\n\r\n\r\n<div class=\"wp-block-spacer\" style=\"height: 32px;\" aria-hidden=\"true\">\u00a0<\/div>\r\n\r\n\r\n\r\n\r\n\r\n\r\n\r\n\r\n\r\n\r\n\r\n<div class=\"wp-block-spacer\" style=\"height: 16px;\" aria-hidden=\"true\">\u00a0<\/div>\r\n\r\n\r\n\r\n\r\n\r\n<p><strong>ONLY AVAILABLE IN DIGITAL<\/strong><\/p>\r\n\r\n\r\n\r\n<div class=\"wp-block-spacer\" style=\"height: 0px;\" aria-hidden=\"true\">\u00a0<\/div>\r\n\r\n\r\n\r\n<p>Learn new techniques in the world of crafts. In The Sewing Magazine 5 you will find simple projects that you can do at your own pace with the help of the best designers. You don&#8217;t need to be an expert to do them! Get inspired and create.<\/p>\r\n\r\n\r\n\r\n<p><strong>DETAILS<\/strong>:<br \/>Digital edition (instant download)<br \/>120 pages<br \/>Extra content: special knitting and crochet patterns<br \/>ISBN 978-84-943942-7-0<\/p>\r\n\r\n\r\n\r\n<p><strong>More information below<\/strong><\/p>\r\n\r\n\r\n\r\n\r\n\r\n\r\n\r\n\r\n<hr class=\"wp-block-separator has-text-color has-pale-pink-color has-css-opacity has-pale-pink-background-color has-background is-style-default\" \/>\r\n\r\n\r\n<div class=\"wp-block-spacer\" style=\"height: 24px;\" aria-hidden=\"true\">\u00a0<\/div>\r\n\r\n\r\n\r\n\r\n\r\n\r\n\r\n<p>Valuation:<\/p>\r\n\r\n\r\n\r\n\r\n\r\n<div data-block-name=\"woocommerce\/reviews-by-product\" data-edit-mode=\"false\" data-show-review-content=\"false\" data-show-review-date=\"false\" data-show-review-image=\"false\" data-show-reviewer-name=\"false\" class=\"wp-block-woocommerce-reviews-by-product wc-block-reviews-by-product has-rating\" data-image-type=\"reviewer\" data-orderby=\"most-recent\" data-reviews-on-page-load=\"10\" data-reviews-on-load-more=\"10\" data-show-load-more=\"false\" data-show-orderby=\"false\" data-product-id=\"1728\">\u00a0<\/div>\r\n\r\n\r\n\r\n\r\n\r\n<div class=\"wp-block-spacer\" style=\"height: 24px;\" aria-hidden=\"true\">\u00a0<\/div>\r\n\r\n\r\n\r\n\r\n\r\n\r\n\r\n<p>Share:<\/p>\r\n\r\n\r\n\r\n\r\n\r\n<div class=\"wp-block-getwid-social-links has-default-spacing\" style=\"font-size: 20px;\">\r\n<ul class=\"wp-block-getwid-social-links__list getwid-justify-content-flex-start getwid-justify-content-tablet-flex-start getwid-justify-content-mobile-flex-start\">\r\n<li class=\"wp-block-getwid-social-links__item\">\u00a0<\/li>\r\n<li class=\"wp-block-getwid-social-links__item\">\u00a0<\/li>\r\n<li class=\"wp-block-getwid-social-links__item\">\u00a0<\/li>\r\n<li class=\"wp-block-getwid-social-links__item\">\u00a0<\/li>\r\n<\/ul>\r\n<\/div>\r\n\r\n\r\n\r\n\r\n\r\n<div class=\"wp-block-spacer\" style=\"height: 60px;\" aria-hidden=\"true\">\u00a0<\/div>\r\n\r\n\r\n\r\n\r\n\r\n\r\n\r\n\r\n\r\n\r\n\r\n<section id=\"gmecab371\" class=\"wp-block-gutentor-m0 section-gmecab371 gutentor-module gutentor-module-carousel gutentor-slick-a-default-desktop gutentor-slick-a-default-tablet\">\r\n<div class=\"grid-container\">\r\n<div class=\"gutentor-module-carousel-row\" data-dots=\"false\" data-dotstablet=\"false\" data-dotsmobile=\"false\" data-arrows=\"true\" data-arrowstablet=\"true\" data-arrowsmobile=\"false\" data-infinite=\"true\" data-autoplay=\"true\" data-draggable=\"true\" data-pauseonfocus=\"true\" data-pauseonhover=\"true\" data-autoplayspeed=\"3000\" data-cmondesktop=\"false\" data-cmontablet=\"false\" data-cmonmobile=\"false\" data-nextarrow=\"fas fa-angle-right\" data-prevarrow=\"fas fa-angle-left\" data-arrowspositiondesktop=\"gutentor-slick-a-default-desktop\" data-arrowspositiontablet=\"gutentor-slick-a-default-tablet\" data-arrowspositionmobile=\"gutentor-slick-a-default-mobile\" data-speed=\"300\" data-slideitemdesktop=\"4\" data-slideitemtablet=\"3\" data-slideitemmobile=\"2\" data-slidescroll-desktop=\"1\" data-slidescroll-tablet=\"3\" data-slidescroll-mobile=\"2\">\r\n<div id=\"col-gm8b29db\" class=\"wp-block-gutentor-m0-col col-gm8b29db gutentor-carousel-item\">\r\n<div id=\"section-gm8b29db\" class=\"section-gm8b29db gutentor-col-wrap\">\r\n<div id=\"section-gab602d\" class=\"wp-block-gutentor-e6 section-gab602d gutentor-element gutentor-element-image gutentor-enabled-width text-align-center-desktop\">\r\n<div class=\"gutentor-element-image-box\">\r\n<div class=\"gutentor-bg-image\">\u00a0<\/div>\r\n<\/div>\r\n<\/div>\r\n<\/div>\r\n<\/div>\r\n\r\n\r\n\r\n<div id=\"col-gmec3a33\" class=\"wp-block-gutentor-m0-col col-gmec3a33 gutentor-carousel-item\">\r\n<div id=\"section-gmec3a33\" class=\"section-gmec3a33 gutentor-col-wrap\">\r\n<div id=\"section-g0f5a60\" class=\"wp-block-gutentor-e6 section-g0f5a60 gutentor-element gutentor-element-image gutentor-enabled-width text-align-center-desktop\">\r\n<div class=\"gutentor-element-image-box\">\r\n<div class=\"gutentor-bg-image\">\u00a0<\/div>\r\n<\/div>\r\n<\/div>\r\n<\/div>\r\n<\/div>\r\n\r\n\r\n\r\n<div id=\"col-gm986a59\" class=\"wp-block-gutentor-m0-col col-gm986a59 gutentor-carousel-item\">\r\n<div id=\"section-gm986a59\" class=\"section-gm986a59 gutentor-col-wrap\">\r\n<div id=\"section-g36ec7d\" class=\"wp-block-gutentor-e6 section-g36ec7d gutentor-element gutentor-element-image gutentor-enabled-width text-align-center-desktop\">\r\n<div class=\"gutentor-element-image-box\">\r\n<div class=\"gutentor-bg-image\">\u00a0<\/div>\r\n<\/div>\r\n<\/div>\r\n<\/div>\r\n<\/div>\r\n\r\n\r\n\r\n<div id=\"col-gm18f898\" class=\"wp-block-gutentor-m0-col col-gm18f898 gutentor-carousel-item\">\r\n<div id=\"section-gm18f898\" class=\"section-gm18f898 gutentor-col-wrap\">\r\n<div id=\"section-gcc2b19\" class=\"wp-block-gutentor-e6 section-gcc2b19 gutentor-element gutentor-element-image gutentor-enabled-width text-align-center-desktop\">\r\n<div class=\"gutentor-element-image-box\">\r\n<div class=\"gutentor-image-thumb\"><img decoding=\"async\" class=\"lazyload normal-image\" src=\"data:image\/gif;base64,R0lGODlhAQABAAAAACH5BAEKAAEALAAAAAABAAEAAAICTAEAOw==\" data-orig-src=\"https:\/\/thesewingboxmag.com\/wp-content\/uploads\/2021\/04\/TSB5-INTERIOR-IPAD-7.jpg\" \/><\/div>\r\n<\/div>\r\n<\/div>\r\n<\/div>\r\n<\/div>\r\n\r\n\r\n\r\n<div id=\"col-gm576ef9\" class=\"wp-block-gutentor-m0-col col-gm576ef9 gutentor-carousel-item\">\r\n<div id=\"section-gm576ef9\" class=\"section-gm576ef9 gutentor-col-wrap\">\r\n<div id=\"section-gfc783f\" class=\"wp-block-gutentor-e6 section-gfc783f gutentor-element gutentor-element-image gutentor-enabled-width text-align-center-desktop\">\r\n<div class=\"gutentor-element-image-box\">\r\n<div class=\"gutentor-bg-image\">\u00a0<\/div>\r\n<\/div>\r\n<\/div>\r\n<\/div>\r\n<\/div>\r\n\r\n\r\n\r\n<div id=\"col-gm5beeb8\" class=\"wp-block-gutentor-m0-col col-gm5beeb8 gutentor-carousel-item\">\r\n<div id=\"section-gm5beeb8\" class=\"section-gm5beeb8 gutentor-col-wrap\">\r\n<div id=\"section-g3f752b\" class=\"wp-block-gutentor-e6 section-g3f752b gutentor-element gutentor-element-image gutentor-enabled-width text-align-center-desktop\">\r\n<div class=\"gutentor-element-image-box\">\r\n<div class=\"gutentor-bg-image\">\u00a0<\/div>\r\n<\/div>\r\n<\/div>\r\n<\/div>\r\n<\/div>\r\n\r\n\r\n\r\n<div id=\"col-gm7e84b4\" class=\"wp-block-gutentor-m0-col col-gm7e84b4 gutentor-carousel-item\">\r\n<div id=\"section-gm7e84b4\" class=\"section-gm7e84b4 gutentor-col-wrap\">\r\n<div id=\"section-g027e0b\" class=\"wp-block-gutentor-e6 section-g027e0b gutentor-element gutentor-element-image gutentor-enabled-width text-align-center-desktop\">\r\n<div class=\"gutentor-element-image-box\">\r\n<div class=\"gutentor-bg-image\">\u00a0<\/div>\r\n<\/div>\r\n<\/div>\r\n<\/div>\r\n<\/div>\r\n\r\n\r\n\r\n<div id=\"col-gm41ba3e\" class=\"wp-block-gutentor-m0-col col-gm41ba3e gutentor-carousel-item\">\r\n<div id=\"section-gm41ba3e\" class=\"section-gm41ba3e gutentor-col-wrap\">\r\n<div id=\"section-gc4b7cc\" class=\"wp-block-gutentor-e6 section-gc4b7cc gutentor-element gutentor-element-image gutentor-enabled-width text-align-center-desktop\">\r\n<div class=\"gutentor-element-image-box\">\r\n<div class=\"gutentor-bg-image\">\u00a0<\/div>\r\n<\/div>\r\n<\/div>\r\n<\/div>\r\n<\/div>\r\n<\/div>\r\n<\/div>\r\n<\/section>\r\n\r\n\r\n\r\n\r\n\r\n\r\n\r\n\r\n\r\n\r\n\r\n\r\n\r\n<section id=\"a82b99\" class=\"section-a82b99 gutentor-module gutentor-module-tabs gutentor-tabs-layout-horizontal gutentor-tabs-pos-top\">\r\n<div class=\"grid-container\">\r\n<div class=\"gutentor-module-tabs-wrap gutentor-tabs-style-fill\" data-id=\"a82b99\">\r\n<div class=\"gutentor-module-tabs-nav text-align-center-desktop\"><span class=\"gutentor-module-tabs-item gm-tt-a82b99 gutentor-tabs-nav-active\"><span class=\"gutentor-module-tabs-title\">Description<\/span><\/span><\/div>\r\n<div class=\"gutentor-module-tabs-body\">\r\n<div class=\"wp-block-gutentor-m7-tab gutentor-module-tabs-content gm-tc-a82b99 gutentor-tabs-content-active\">\r\n<p><strong>CONTENT<\/strong><\/p>\r\n<p><strong>DESIGNERS AND CRAFT ENTREPRENEURS<\/strong>: Le handmade, Trap-art, Alimaravillas, Knits Please, Little Dandelion, Le handmade, Studio Snowpuppe, Pacific Knot, Valentin Carlettini, Little Dandelion. Special project of Santa Pazienzia, Knit and Pepper and F\u00e1brica de Imaginaci\u00f3n.\u00a0<\/p>\r\n<p><strong>TECHNIQUES<\/strong>:<\/p>\r\n<p><strong>CROCHET<\/strong>: XXL Granny Blanket, \u201cLuna Lunera\u201d Cushion, Cozy Socks.<\/p>\r\n<p><strong>KNITTING:<\/strong> Knitted Tiara, Hat with Circular Needles, Scarf (with Pompoms), Chickpea Jacket, Unicorn Bomber, Tepee Jersey (from size S to XL), Vanilla T-Shirt.<\/p>\r\n<p><strong>SEWING AND REFASHION (CUSTOMIZATION):<\/strong> Foldable Bag, Flower Brooches.<\/p>\r\n<p><strong>UNIQUE WORKSPACES<\/strong> and <strong>DIY<\/strong> <strong>decoration<\/strong> with the cover girl.<\/p>\r\n<p><strong>OTHERS<\/strong>: Cactus Patterned Amigurumi.<\/p>\r\n<p><strong>ILLUSTRATORS<\/strong>: Sophie Cunnighan, Miren Asiain, Kara Pyle, Alba L\u00f3pez Soler, Coco Escribano, Jhonny N\u00fa\u00f1ez, Sandra Rilova, Maria Herreros and Imma Maestre.<\/p>\r\n<p><strong>STEP-BY-STEP INSTRUCTIONS<\/strong>: each of these projects includes detailed instructions with images of how to make it, in which you will find the level of difficulty and everything you need to do it.\u00a0<\/p>\r\n<\/div>\r\n\r\n\r\n\r\n<div class=\"wp-block-gutentor-m7-tab gutentor-module-tabs-content gm-tc-a82b99\">\r\n<div data-block-name=\"woocommerce\/reviews-by-product\" data-edit-mode=\"false\" class=\"wp-block-woocommerce-reviews-by-product wc-block-reviews-by-product has-image has-name has-date has-rating has-content\" data-image-type=\"reviewer\" data-orderby=\"most-recent\" data-reviews-on-page-load=\"10\" data-reviews-on-load-more=\"10\" data-show-load-more=\"true\" data-show-orderby=\"true\" data-product-id=\"1728\">\u00a0<\/div>\r\n<\/div>\r\n<\/div>\r\n<\/div>\r\n<\/div>\r\n<\/section>\r\n\r\n\r\n\r\n\r\n\r\n\r\n\r\n\r\n\r\n\r\n\r\n\r\n\r\n\r\n\r\n\r\n\r\n<p>&nbsp;<\/p>\r\n\r\n<p>[\/fusion_builder_column][\/fusion_builder_row][\/fusion_builder_container]<\/p>","protected":false},"excerpt":{"rendered":"<p>This beautiful e-book in English brings together a celebration of the work of designers and craft entrepeneurs from the world of <strong>knitting<\/strong>, <strong>crochet<\/strong>, <strong>amigurumis and sewing<\/strong>. Through their clear instructions and expert tips, you will be able to build on your technique and take on projects that will fill your life with enjoyment and motivation.<\/p>\n<p>Includes:\u00a0<\/p>\n<p><strong>Knitting:<\/strong> Knitted Tiara (Knits Please), Miner toque with circular needles (Pacific Knot), Chickpea Jacket (Knit and Pepper), Unicorn Bomber (Knit and Pepper), Tepee Jersey (Knit and Pepper), Vanilla T-Shirt (Knit and Pepper).<\/p>\n[fusion_button link=\"https:\/\/sowl.co\/eTm1G\" enable_hover_text_icon=\"no\" hover_text=\"\" title=\"\" target=\"_blank\" link_attributes=\"\" aria_role_button=\"0\" alignment_medium=\"\" alignment_small=\"\" alignment=\"\" modal=\"\" hide_on_mobile=\"small-visibility,medium-visibility,large-visibility\" sticky_display=\"normal,sticky\" class=\"\" id=\"\" color=\"default\" button_gradient_top_color_hover=\"\" hue=\"\" saturation=\"\" lightness=\"\" alpha=\"\" button_gradient_top_color=\"\" button_gradient_bottom_color_hover=\"\" button_gradient_bottom_color=\"\" gradient_start_position=\"\" gradient_end_position=\"\" gradient_type=\"\" radial_direction=\"\" linear_angle=\"\" accent_hover_color=\"\" accent_color=\"\" type=\"\" bevel_color=\"\" bevel_color_hover=\"\" border_top=\"\" border_right=\"\" border_bottom=\"\" border_left=\"\" border_radius_top_left=\"\" border_radius_top_right=\"\" border_radius_bottom_right=\"\" border_radius_bottom_left=\"\" border_hover_color=\"\" border_color=\"\" size=\"\" padding_top=\"\" padding_right=\"\" padding_bottom=\"\" padding_left=\"\" fusion_font_family_button_font=\"\" fusion_font_variant_button_font=\"\" font_size=\"\" line_height=\"\" letter_spacing=\"\" text_transform=\"\" stretch=\"default\" margin_top=\"\" margin_right=\"\" margin_bottom=\"\" margin_left=\"\" icon=\"\" hover_icon=\"\" icon_position=\"left\" icon_divider=\"no\" hover_transition=\"none\" animation_type=\"\" animation_direction=\"left\" animation_color=\"\" animation_speed=\"0.3\" animation_delay=\"0\" animation_offset=\"\"]Buy now[\/fusion_button]\n<p><strong>Crochet<\/strong>: XXL Granny Blanket (Lehandmade), Luna Lunera Cushion (Santa Pazienzia), Cozy Socks (Alimaravillas).<\/p>\n<p><strong>Amigurumi:<\/strong> Cactus (Valentin Carletini).<\/p>\n<p><strong>Sewing and refashion;<\/strong> Foldable Bag and Flower Brooches (F\u00e1brica de Imaginaci\u00f3n).<\/p>\n<p><b>Extra<\/b>: Paper base for a lamp (Studio Snowpuppe).<\/p>\n<p><strong>Interview:<\/strong> F\u00e1brica de Imaginaci\u00f3n.<\/p>\n<p><strong>9 illustrations<\/strong>.<\/p>\n<p>After purchase, you will receive an email with a direct download link of the e-book. We recommend that you download your item as soon as your message arrives. If you&#8217;ve not received your download instructions within 24 hours of placing your order or have problems downloading the book, please email us at info@thesewingboxmag.com<\/p>\n","protected":false},"featured_media":17476,"comment_status":"open","ping_status":"closed","template":"","meta":[],"product_brand":[],"product_cat":[71],"product_tag":[],"class_list":{"0":"post-2330","1":"product","2":"type-product","3":"status-publish","4":"has-post-thumbnail","6":"product_cat-the-sewing-box-digital","8":"first","9":"instock","10":"downloadable","11":"virtual","12":"taxable","13":"purchasable","14":"product-type-simple"},"_links":{"self":[{"href":"https:\/\/thesewingboxmag.com\/en\/wp-json\/wp\/v2\/product\/2330","targetHints":{"allow":["GET"]}}],"collection":[{"href":"https:\/\/thesewingboxmag.com\/en\/wp-json\/wp\/v2\/product"}],"about":[{"href":"https:\/\/thesewingboxmag.com\/en\/wp-json\/wp\/v2\/types\/product"}],"replies":[{"embeddable":true,"href":"https:\/\/thesewingboxmag.com\/en\/wp-json\/wp\/v2\/comments?post=2330"}],"wp:featuredmedia":[{"embeddable":true,"href":"https:\/\/thesewingboxmag.com\/en\/wp-json\/wp\/v2\/media\/17476"}],"wp:attachment":[{"href":"https:\/\/thesewingboxmag.com\/en\/wp-json\/wp\/v2\/media?parent=2330"}],"wp:term":[{"taxonomy":"product_brand","embeddable":true,"href":"https:\/\/thesewingboxmag.com\/en\/wp-json\/wp\/v2\/product_brand?post=2330"},{"taxonomy":"product_cat","embeddable":true,"href":"https:\/\/thesewingboxmag.com\/en\/wp-json\/wp\/v2\/product_cat?post=2330"},{"taxonomy":"product_tag","embeddable":true,"href":"https:\/\/thesewingboxmag.com\/en\/wp-json\/wp\/v2\/product_tag?post=2330"}],"curies":[{"name":"wp","href":"https:\/\/api.w.org\/{rel}","templated":true}]}}