{"id":17498,"date":"2025-01-16T12:12:36","date_gmt":"2025-01-16T11:12:36","guid":{"rendered":"https:\/\/thesewingboxmag.com\/en\/?post_type=product&#038;p=17498"},"modified":"2026-03-26T11:20:40","modified_gmt":"2026-03-26T10:20:40","slug":"the-sewing-box-magazine-15-digital-edition-english","status":"publish","type":"product","link":"https:\/\/thesewingboxmag.com\/en\/product\/the-sewing-box-magazine-15-digital-edition-english\/","title":{"rendered":"The Sewing Box Magazine 15 digital edition"},"content":{"rendered":"","protected":false},"excerpt":{"rendered":"<p>This beautiful e-book in English brings together a celebration of the work of designers and craft entrepeneurs from the world of <strong>knitting<\/strong>, <strong>crochet<\/strong> <strong>and amigurumis<\/strong>. Through their clear instructions and expert tips, you will be able to build on your technique and take on projects that will fill your life with enjoyment and motivation.<\/p>\n<p>Includes:<\/p>\n<div class=\"grid-container\">\n<div class=\"gutentor-module-tabs-wrap gutentor-tabs-style-fill\" data-id=\"6864fc\">\n<div class=\"gutentor-module-tabs-body\">\n<p><strong>Knitting:<\/strong> Clara Sweater (Biches and B\u00fbches), Magnolia Dress (Hilando Campos), Motz Socks (LoareKnits), Vainica Kimono (Tata Patata), Marie Purse (PetiteKnit).<\/p>\n<p><strong>Crochet: <\/strong>Herringbone Potholders (Air Crochet), Smith Cardigan (Colores Santos Crochet), Mayche Scarf (Minimalism with Yarn), Laia Top (LPR Handmade), Azahar Shawl (To\u00f1i Belch\u00ed), Carmina Scarf (Atrapa Sue\u00f1os Crochet).<\/p>\n<p><strong>Amigurumi:<\/strong> Kate, the jellyfish (Natura Crochet), Hummingbird (Mabe Berrios),<\/p>\n<\/div>\n<\/div>\n<\/div>\n<p><strong>Craft experiences:<\/strong> Two needles and a coffee by PetiteKnit, Mindful yarns by Coruja.<\/p>\n<p>QR codes to <strong>explanatory videos<\/strong>.<\/p>\n<section id=\"6864fc\" class=\"section-6864fc gutentor-module gutentor-module-tabs gutentor-tabs-layout-horizontal gutentor-tabs-pos-top\">\n<div class=\"grid-container\">\n<div class=\"gutentor-module-tabs-wrap gutentor-tabs-style-fill\" data-id=\"6864fc\">\n<div class=\"gutentor-module-tabs-body\">\n<div class=\"wp-block-gutentor-m7-tab gutentor-module-tabs-content gm-tc-6864fc gutentor-tabs-content-active\">\n<p><strong>5 illustrations<\/strong>.<\/p>\n<p><strong>1 digital appendix<\/strong> with extra content.<\/p>\n<p>After purchase, you will receive an email with a direct download link of the e-book. We recommend that you download your item as soon as your message arrives. If you&#8217;ve not received your download instructions within 24 hours of placing your order or have problems downloading the book, please email us at info@thesewingboxmag.com<\/p>\n<\/div>\n<\/div>\n<\/div>\n<\/div>\n<\/section>\n[fusion_button link=\"https:\/\/sowl.co\/bq8svz\" enable_hover_text_icon=\"no\" hover_text=\"\" title=\"\" target=\"_blank\"   link_attributes=\"\" aria_role_button=\"0\" alignment_medium=\"\" alignment_small=\"\" alignment=\"\" modal=\"\" hide_on_mobile=\"small-visibility,medium-visibility,large-visibility\" sticky_display=\"normal,sticky\" class=\"\" id=\"\" color=\"default\" button_gradient_top_color_hover=\"\" hue=\"\" saturation=\"\" lightness=\"\" alpha=\"\" button_gradient_top_color=\"\" button_gradient_bottom_color_hover=\"\" button_gradient_bottom_color=\"\" gradient_start_position=\"\" gradient_end_position=\"\" gradient_type=\"\" radial_direction=\"\" linear_angle=\"\" accent_hover_color=\"\" accent_color=\"\" type=\"\" bevel_color=\"\" bevel_color_hover=\"\" border_top=\"\" border_right=\"\" border_bottom=\"\" border_left=\"\" border_radius_top_left=\"\" border_radius_top_right=\"\" border_radius_bottom_right=\"\" border_radius_bottom_left=\"\" border_hover_color=\"\" border_color=\"\" size=\"\" padding_top=\"\" padding_right=\"\" padding_bottom=\"\" padding_left=\"\" fusion_font_family_button_font=\"\" fusion_font_variant_button_font=\"\" font_size=\"\" line_height=\"\" letter_spacing=\"\" text_transform=\"\" stretch=\"default\" margin_top=\"\" margin_right=\"\" margin_bottom=\"\" margin_left=\"\" icon=\"\" hover_icon=\"\" icon_position=\"left\" icon_divider=\"no\" hover_transition=\"none\" animation_type=\"\" animation_direction=\"left\" animation_color=\"\" animation_speed=\"0.3\" animation_delay=\"0\" animation_offset=\"\"]Buy now[\/fusion_button]\n","protected":false},"featured_media":18311,"comment_status":"open","ping_status":"closed","template":"","meta":[],"product_brand":[],"product_cat":[156,71],"product_tag":[],"class_list":{"0":"post-17498","1":"product","2":"type-product","3":"status-publish","4":"has-post-thumbnail","6":"product_cat-special-offers","7":"product_cat-the-sewing-box-digital","9":"first","10":"instock","11":"sale","12":"taxable","13":"shipping-taxable","14":"product-type-external"},"_links":{"self":[{"href":"https:\/\/thesewingboxmag.com\/en\/wp-json\/wp\/v2\/product\/17498","targetHints":{"allow":["GET"]}}],"collection":[{"href":"https:\/\/thesewingboxmag.com\/en\/wp-json\/wp\/v2\/product"}],"about":[{"href":"https:\/\/thesewingboxmag.com\/en\/wp-json\/wp\/v2\/types\/product"}],"replies":[{"embeddable":true,"href":"https:\/\/thesewingboxmag.com\/en\/wp-json\/wp\/v2\/comments?post=17498"}],"wp:featuredmedia":[{"embeddable":true,"href":"https:\/\/thesewingboxmag.com\/en\/wp-json\/wp\/v2\/media\/18311"}],"wp:attachment":[{"href":"https:\/\/thesewingboxmag.com\/en\/wp-json\/wp\/v2\/media?parent=17498"}],"wp:term":[{"taxonomy":"product_brand","embeddable":true,"href":"https:\/\/thesewingboxmag.com\/en\/wp-json\/wp\/v2\/product_brand?post=17498"},{"taxonomy":"product_cat","embeddable":true,"href":"https:\/\/thesewingboxmag.com\/en\/wp-json\/wp\/v2\/product_cat?post=17498"},{"taxonomy":"product_tag","embeddable":true,"href":"https:\/\/thesewingboxmag.com\/en\/wp-json\/wp\/v2\/product_tag?post=17498"}],"curies":[{"name":"wp","href":"https:\/\/api.w.org\/{rel}","templated":true}]}}