{"id":967,"date":"2021-04-19T12:35:19","date_gmt":"2021-04-19T10:35:19","guid":{"rendered":"https:\/\/thesewingboxmag.com\/en\/?page_id=967"},"modified":"2025-01-24T14:38:27","modified_gmt":"2025-01-24T13:38:27","slug":"tsb-choice-eng","status":"publish","type":"page","link":"https:\/\/thesewingboxmag.com\/en\/tsb-choice-eng\/","title":{"rendered":"TSB CHOICE (ENG)"},"content":{"rendered":"<div class=\"fusion-fullwidth fullwidth-box fusion-builder-row-1 fusion-flex-container nonhundred-percent-fullwidth non-hundred-percent-height-scrolling\" style=\"--awb-border-radius-top-left:0px;--awb-border-radius-top-right:0px;--awb-border-radius-bottom-right:0px;--awb-border-radius-bottom-left:0px;--awb-padding-bottom:2%;--awb-flex-wrap:wrap;\" ><div class=\"fusion-builder-row fusion-row fusion-flex-align-items-flex-start fusion-flex-content-wrap\" style=\"max-width:1310.4px;margin-left: calc(-4% \/ 2 );margin-right: calc(-4% \/ 2 );\"><div class=\"fusion-layout-column fusion_builder_column fusion-builder-column-0 fusion_builder_column_1_1 1_1 fusion-flex-column\" style=\"--awb-bg-blend:overlay;--awb-bg-size:cover;--awb-width-large:100%;--awb-margin-top-large:0px;--awb-spacing-right-large:1.92%;--awb-margin-bottom-large:0px;--awb-spacing-left-large:1.92%;--awb-width-medium:100%;--awb-spacing-right-medium:1.92%;--awb-spacing-left-medium:1.92%;--awb-width-small:100%;--awb-spacing-right-small:1.92%;--awb-spacing-left-small:1.92%;\"><div class=\"fusion-column-wrapper fusion-flex-justify-content-flex-start fusion-content-layout-column\"><div class=\"fusion-image-element \" style=\"text-align:center;--awb-margin-bottom:4%;--awb-caption-title-font-family:var(--h2_typography-font-family);--awb-caption-title-font-weight:var(--h2_typography-font-weight);--awb-caption-title-font-style:var(--h2_typography-font-style);--awb-caption-title-size:var(--h2_typography-font-size);--awb-caption-title-transform:var(--h2_typography-text-transform);--awb-caption-title-line-height:var(--h2_typography-line-height);--awb-caption-title-letter-spacing:var(--h2_typography-letter-spacing);\"><span class=\" fusion-imageframe imageframe-none imageframe-1 hover-type-none\"><img decoding=\"async\" width=\"371\" height=\"175\" title=\"Recurso-Logo-Calidad-versi\u00f3n_2\" src=\"data:image\/svg+xml,%3Csvg%20xmlns%3D%27http%3A%2F%2Fwww.w3.org%2F2000%2Fsvg%27%20width%3D%27371%27%20height%3D%27175%27%20viewBox%3D%270%200%20371%20175%27%3E%3Crect%20width%3D%27371%27%20height%3D%27175%27%20fill-opacity%3D%220%22%2F%3E%3C%2Fsvg%3E\" data-orig-src=\"https:\/\/thesewingboxmag.com\/wp-content\/uploads\/2020\/09\/Recurso-Logo-Calidad-version_2.png\" alt class=\"lazyload img-responsive wp-image-2035\"\/><\/span><\/div><div class=\"fusion-text fusion-text-1\"><p>The Sewing Box Magazine pretende ser un punto de encuentro de dise\u00f1adores, creativos e ilustradores que encuentran entre nuestras p\u00e1ginas una forma de conectar con los lectores.<\/p>\n<p>TSB CHOICE nace para reconocer la excelencia y la creatividad de cada uno de los dise\u00f1adores que aparecen entre nuestras p\u00e1ginas, convirti\u00e9ndose en un distintivo de calidad, respecto al nivel de dise\u00f1o, desarrollo e innovaci\u00f3n en las labores y t\u00e9cnicas creativas en general.<\/p>\n<p>Este distintivo acredita al dise\u00f1ador publicado, la participaci\u00f3n dentro de una publicaci\u00f3n registrada con ISBN, como n\u00famero standard internacional de identificaci\u00f3n.<\/p>\n<p>Nuestro particular c\u00f3digo de ISBN identifica nuestra publicaci\u00f3n y su contenido en m\u00e1s de 120 pa\u00edses, permitiendo encontrar de manera eficiente, tener acceso al volumen y a su contenido.<\/p>\n<p>TSB CHOICE no genera ninguna forma de protecci\u00f3n legal o de derechos de autor, sin embargo, es v\u00e1lido para identificar el contenido y las publicaciones.<br \/>\nNo obstante nuestra principal aportaci\u00f3n como editorial, subyace y refuerza la ley de propiedad intelectual y la protecci\u00f3n del autor, convirtiendo las ideas (que deben ser expresadas), en un objeto de protecci\u00f3n legal.<br \/>\nLas ideas plasmadas por sus autores en nuestras publicaciones convierten la idea del autor, en un objeto protegido.<br \/>\nThe Sewing Box brinda sustancia y a\u00f1ade valor a la obra creativa original y por tanto constituye un v\u00ednculo esencial en la cadena de valor de las publicaciones y su contenido.<\/p>\n<p>Nuestras publicaciones se depositan tanto en bibliotecas p\u00fablicas como en el dep\u00f3sito nacional (Espa\u00f1a) en el que la obra literaria queda registrada.<\/p>\n<\/div><\/div><\/div><\/div><\/div>\n","protected":false},"excerpt":{"rendered":"","protected":false},"author":9,"featured_media":0,"parent":0,"menu_order":0,"comment_status":"closed","ping_status":"closed","template":"","meta":{"footnotes":""},"class_list":["post-967","page","type-page","status-publish","hentry"],"_links":{"self":[{"href":"https:\/\/thesewingboxmag.com\/en\/wp-json\/wp\/v2\/pages\/967","targetHints":{"allow":["GET"]}}],"collection":[{"href":"https:\/\/thesewingboxmag.com\/en\/wp-json\/wp\/v2\/pages"}],"about":[{"href":"https:\/\/thesewingboxmag.com\/en\/wp-json\/wp\/v2\/types\/page"}],"author":[{"embeddable":true,"href":"https:\/\/thesewingboxmag.com\/en\/wp-json\/wp\/v2\/users\/9"}],"replies":[{"embeddable":true,"href":"https:\/\/thesewingboxmag.com\/en\/wp-json\/wp\/v2\/comments?post=967"}],"version-history":[{"count":0,"href":"https:\/\/thesewingboxmag.com\/en\/wp-json\/wp\/v2\/pages\/967\/revisions"}],"wp:attachment":[{"href":"https:\/\/thesewingboxmag.com\/en\/wp-json\/wp\/v2\/media?parent=967"}],"curies":[{"name":"wp","href":"https:\/\/api.w.org\/{rel}","templated":true}]}}