{"id":17628,"date":"2025-01-27T11:31:29","date_gmt":"2025-01-27T10:31:29","guid":{"rendered":"https:\/\/thesewingboxmag.com\/en\/?page_id=17628"},"modified":"2025-01-27T11:31:29","modified_gmt":"2025-01-27T10:31:29","slug":"el-club-de-la-calceta","status":"publish","type":"page","link":"https:\/\/thesewingboxmag.com\/en\/el-club-de-la-calceta\/","title":{"rendered":"El club de la calceta"},"content":{"rendered":"<p><div class=\"fusion-fullwidth fullwidth-box fusion-builder-row-1 fusion-flex-container nonhundred-percent-fullwidth non-hundred-percent-height-scrolling\" style=\"--awb-border-radius-top-left:0px;--awb-border-radius-top-right:0px;--awb-border-radius-bottom-right:0px;--awb-border-radius-bottom-left:0px;--awb-padding-top:1.5vw;--awb-padding-right:5vw;--awb-padding-bottom:1.5vw;--awb-padding-left:5vw;--awb-padding-top-medium:0px;--awb-padding-bottom-medium:0px;--awb-margin-bottom:80px;--awb-margin-bottom-medium:60px;--awb-margin-bottom-small:48px;--awb-flex-wrap:wrap;\" ><div class=\"fusion-builder-row fusion-row fusion-flex-align-items-flex-start fusion-flex-content-wrap\" style=\"max-width:1310.4px;margin-left: calc(-4% \/ 2 );margin-right: calc(-4% \/ 2 );\"><div class=\"fusion-layout-column fusion_builder_column fusion-builder-column-0 fusion-flex-column fusion-animated\" style=\"--awb-bg-size:cover;--awb-width-large:62%;--awb-margin-top-large:0px;--awb-spacing-right-large:3.0967741935484%;--awb-margin-bottom-large:0px;--awb-spacing-left-large:3.0967741935484%;--awb-width-medium:50%;--awb-order-medium:0;--awb-spacing-right-medium:3.84%;--awb-spacing-left-medium:3.84%;--awb-width-small:100%;--awb-order-small:0;--awb-spacing-right-small:1.92%;--awb-margin-bottom-small:20px;--awb-spacing-left-small:1.92%;\" data-animationType=\"fadeInDown\" data-animationDuration=\"1.3\" data-animationOffset=\"top-into-view\"><div class=\"fusion-column-wrapper fusion-column-has-shadow fusion-flex-justify-content-center fusion-content-layout-column\"><div class=\"fusion-text fusion-text-1 fusion-text-no-margin\" style=\"--awb-font-size:19px;--awb-text-color:var(--awb-color5);--awb-margin-bottom:8px;\"><p>Punto y crochet<\/p>\n<\/div><div class=\"fusion-title title fusion-title-1 fusion-no-small-visibility fusion-no-medium-visibility fusion-sep-none fusion-title-text fusion-title-size-one\" style=\"--awb-margin-top-small:10px;--awb-margin-right-small:0px;--awb-margin-bottom-small:10px;--awb-margin-left-small:0px;\"><h1 class=\"fusion-title-heading title-heading-left\" style=\"margin:0;\">El club de la calceta<\/h1><\/div><div class=\"fusion-text fusion-text-2\"><p><strong>Carmen G\u00f3mez<\/strong> es una apasionada del arte que siempre est\u00e1 rodeada de libros, lanas y pinceles.<br \/>\nHace 10 a\u00f1os comenz\u00f3 su andadura en el mundo del <strong>punto y del crochet<\/strong>.<\/p>\n<p>Sus prendas tienen un estilo vintage y rom\u00e1ntico. Carmen es experta en dise\u00f1ar unos chales \u00fanicos.<\/p>\n<p>Podr\u00e1s encontrar sus chales Greco y Goya en <a href=\"https:\/\/thesewingboxmag.com\/the-sewing-box-11-3\/\">The Sewing Box 11,<\/a> el chal Volvoreta en <a href=\"https:\/\/thesewingboxmag.com\/30-proyectos-diy-para-tejer-historias\/\">30 proyectos DIY para tejer historias<\/a> y el chal Nonna en <a href=\"https:\/\/thesewingboxmag.com\/producto\/30-proyectos-diy-tejidos-para-siempre\/\">30 proyectos DIY tejidos para siempre<\/a>.<\/p>\n<\/div><\/div><\/div><div class=\"fusion-layout-column fusion_builder_column fusion-builder-column-1 fusion-flex-column fusion-animated\" style=\"--awb-bg-size:cover;--awb-width-large:38%;--awb-margin-top-large:0px;--awb-spacing-right-large:5.0526315789474%;--awb-margin-bottom-large:0px;--awb-spacing-left-large:5.0526315789474%;--awb-width-medium:50%;--awb-order-medium:0;--awb-spacing-right-medium:3.84%;--awb-spacing-left-medium:3.84%;--awb-width-small:100%;--awb-order-small:0;--awb-spacing-right-small:1.92%;--awb-spacing-left-small:1.92%;\" data-animationType=\"fadeInDown\" data-animationDuration=\"1.3\" data-animationOffset=\"top-into-view\"><div class=\"fusion-column-wrapper fusion-column-has-shadow fusion-flex-justify-content-center fusion-content-layout-column\"><div class=\"fusion-image-element \" style=\"--awb-caption-title-font-family:var(--h2_typography-font-family);--awb-caption-title-font-weight:var(--h2_typography-font-weight);--awb-caption-title-font-style:var(--h2_typography-font-style);--awb-caption-title-size:var(--h2_typography-font-size);--awb-caption-title-transform:var(--h2_typography-text-transform);--awb-caption-title-line-height:var(--h2_typography-line-height);--awb-caption-title-letter-spacing:var(--h2_typography-letter-spacing);\"><span class=\" fusion-imageframe imageframe-none imageframe-1 hover-type-none\"><a class=\"fusion-no-lightbox\" href=\"https:\/\/www.test.thesewingboxmag.com\/producto\/zero-waste-crochet-by-ameskeria\/\" target=\"_self\"><img decoding=\"async\" src=\"data:image\/gif;base64,R0lGODlhAQABAAAAACH5BAEKAAEALAAAAAABAAEAAAICTAEAOw==\" data-orig-src=\"https:\/\/thesewingboxmag.com\/wp-content\/uploads\/2024\/10\/clubdelacalceta-1.jpg\" alt class=\"lazyload img-responsive\"\/><\/a><\/span><\/div><\/div><\/div><\/div><\/div><div class=\"fusion-fullwidth fullwidth-box fusion-builder-row-2 fusion-flex-container has-pattern-background has-mask-background nonhundred-percent-fullwidth non-hundred-percent-height-scrolling\" style=\"--awb-border-radius-top-left:0px;--awb-border-radius-top-right:0px;--awb-border-radius-bottom-right:0px;--awb-border-radius-bottom-left:0px;--awb-flex-wrap:wrap;\" ><div class=\"fusion-builder-row fusion-row fusion-flex-align-items-flex-start fusion-flex-content-wrap\" style=\"max-width:1310.4px;margin-left: calc(-4% \/ 2 );margin-right: calc(-4% \/ 2 );\"><div class=\"fusion-layout-column fusion_builder_column fusion-builder-column-2 fusion_builder_column_1_1 1_1 fusion-flex-column\" style=\"--awb-bg-size:cover;--awb-width-large:100%;--awb-margin-top-large:0px;--awb-spacing-right-large:1.92%;--awb-margin-bottom-large:20px;--awb-spacing-left-large:1.92%;--awb-width-medium:100%;--awb-order-medium:0;--awb-spacing-right-medium:1.92%;--awb-spacing-left-medium:1.92%;--awb-width-small:100%;--awb-order-small:0;--awb-spacing-right-small:1.92%;--awb-spacing-left-small:1.92%;\"><div class=\"fusion-column-wrapper fusion-column-has-shadow fusion-flex-justify-content-flex-start fusion-content-layout-column\"><div class=\"fusion-flip-boxes flip-boxes row fusion-columns-2 flip-effect-3d equal-heights\" style=\"--awb-margin-top:20px;\"><div class=\"fusion-flip-box-wrapper fusion-column col-lg-6 col-md-6 col-sm-6\"><div class=\"fusion-flip-box flip-left fusion-animated\" style=\"--awb-animation-color:hsla(var(--awb-color2-h),calc(var(--awb-color2-s) + 30%),var(--awb-color2-l),var(--awb-color2-a));\" tabindex=\"0\" data-animationType=\"revealInDown\" data-animationDuration=\"1.0\" data-animationOffset=\"top-into-view\"><div class=\"flip-box-inner-wrapper\"><div class=\"flip-box-front\" style=\"--awb-border-size:0px;--awb-border-radius:10px;--awb-title-front-color:var(--awb-color1);--awb-text-front-color:var(--awb-color3);--awb-background-image-front:url(&#039;data:image\/svg+xml;utf8,%3Csvg%20xmlns%3D%22http%3A%2F%2Fwww.w3.org%2F2000%2Fsvg%22%20width%3D%221067%22%20height%3D%22667%22%20viewBox%3D%220%200%201067%20667%22%3E%3Crect%20fill%3D%22%23ffffff%22%20width%3D%221067%22%20height%3D%22667%22%2F%3E%3Ctext%20fill%3D%22rgba%280%2C0%2C0%2C0.5%29%22%20font-family%3D%22sans-serif%22%20font-size%3D%2230%22%20dy%3D%2210.5%22%20font-weight%3D%22bold%22%20x%3D%2250%25%22%20y%3D%2250%25%22%20text-anchor%3D%22middle%22%3E1067%C3%97667%3C%2Ftext%3E%3C%2Fsvg%3E&#039;);\"><div class=\"flip-box-front-inner\"><h4 class=\"flip-box-heading\" style=\"--h4_typography-font-size:30px;--h4_typography-letter-spacing:var(--awb-typography1-letter-spacing);--h4_typography-line-height:var(--awb-typography1-line-height);--h4_typography-text-transform:var(--awb-typography1-text-transform);\">james a. depp<\/h4>Marketing Officer<\/div><\/div><div class=\"flip-box-back\" style=\"--awb-border-size:0px;--awb-border-radius:10px;--awb-background-color-back:hsla(var(--awb-color5-h),calc(var(--awb-color5-s) + 15%),var(--awb-color5-l),var(--awb-color5-a));--awb-title-back-color:var(--awb-color1);--awb-text-back-color:var(--awb-color1);--awb-background-image-back:url(&#039;data:image\/svg+xml;utf8,%3Csvg%20xmlns%3D%22http%3A%2F%2Fwww.w3.org%2F2000%2Fsvg%22%20width%3D%221067%22%20height%3D%22667%22%20viewBox%3D%220%200%201067%20667%22%3E%3Crect%20fill%3D%22%23ffffff%22%20width%3D%221067%22%20height%3D%22667%22%2F%3E%3Ctext%20fill%3D%22rgba%280%2C0%2C0%2C0.5%29%22%20font-family%3D%22sans-serif%22%20font-size%3D%2230%22%20dy%3D%2210.5%22%20font-weight%3D%22bold%22%20x%3D%2250%25%22%20y%3D%2250%25%22%20text-anchor%3D%22middle%22%3E1067%C3%97667%3C%2Ftext%3E%3C%2Fsvg%3E&#039;);\"><div class=\"flip-box-back-inner\"><h4 class=\"flip-box-heading-back\" style=\"--h4_typography-font-family:var(--awb-typography1-font-family);--h4_typography-font-weight:var(--awb-typography1-font-weight);--h4_typography-font-style:var(--awb-typography1-font-style);--h4_typography-font-size:30px;--h4_typography-letter-spacing:var(--awb-typography1-letter-spacing);--h4_typography-line-height:var(--awb-typography1-line-height);--h4_typography-text-transform:var(--awb-typography1-text-transform);\">james a. depp<\/h4>\n<p style=\"margin: 20px 30px 20px 30px;\">&#8220;I&#8217;ve been using the services of XYZ Company for my business, and I&#8217;m thoroughly impressed. Their professionalism and dedication to customer satisfaction are unmatched. Sed tempore dui ipsum. They truly understand our needs and go above and beyond to deliver exceptional results. I&#8217;m grateful to have found such a reliable partner.&#8221;<\/p>\n<\/div><\/div><\/div><\/div><\/div><div class=\"fusion-flip-box-wrapper fusion-column col-lg-6 col-md-6 col-sm-6\"><div class=\"fusion-flip-box flip-left fusion-animated\" style=\"--awb-animation-color:hsla(var(--awb-color2-h),calc(var(--awb-color2-s) + 30%),var(--awb-color2-l),var(--awb-color2-a));\" tabindex=\"0\" data-animationType=\"revealInDown\" data-animationDuration=\"1.0\" data-animationOffset=\"top-into-view\"><div class=\"flip-box-inner-wrapper\"><div class=\"flip-box-front\" style=\"--awb-border-size:0px;--awb-border-radius:10px;--awb-title-front-color:var(--awb-color1);--awb-text-front-color:var(--awb-color3);--awb-background-image-front:url(&#039;data:image\/svg+xml;utf8,%3Csvg%20xmlns%3D%22http%3A%2F%2Fwww.w3.org%2F2000%2Fsvg%22%20width%3D%221067%22%20height%3D%22667%22%20viewBox%3D%220%200%201067%20667%22%3E%3Crect%20fill%3D%22%23ffffff%22%20width%3D%221067%22%20height%3D%22667%22%2F%3E%3Ctext%20fill%3D%22rgba%280%2C0%2C0%2C0.5%29%22%20font-family%3D%22sans-serif%22%20font-size%3D%2230%22%20dy%3D%2210.5%22%20font-weight%3D%22bold%22%20x%3D%2250%25%22%20y%3D%2250%25%22%20text-anchor%3D%22middle%22%3E1067%C3%97667%3C%2Ftext%3E%3C%2Fsvg%3E&#039;);\"><div class=\"flip-box-front-inner\"><h4 class=\"flip-box-heading\" style=\"--h4_typography-font-size:30px;--h4_typography-letter-spacing:var(--awb-typography1-letter-spacing);--h4_typography-line-height:var(--awb-typography1-line-height);--h4_typography-text-transform:var(--awb-typography1-text-transform);\">james a. depp<\/h4>Marketing Officer<\/div><\/div><div class=\"flip-box-back\" style=\"--awb-border-size:0px;--awb-border-radius:10px;--awb-background-color-back:hsla(var(--awb-color5-h),calc(var(--awb-color5-s) + 15%),var(--awb-color5-l),var(--awb-color5-a));--awb-title-back-color:var(--awb-color1);--awb-text-back-color:var(--awb-color1);--awb-background-image-back:url(&#039;data:image\/svg+xml;utf8,%3Csvg%20xmlns%3D%22http%3A%2F%2Fwww.w3.org%2F2000%2Fsvg%22%20width%3D%221067%22%20height%3D%22667%22%20viewBox%3D%220%200%201067%20667%22%3E%3Crect%20fill%3D%22%23ffffff%22%20width%3D%221067%22%20height%3D%22667%22%2F%3E%3Ctext%20fill%3D%22rgba%280%2C0%2C0%2C0.5%29%22%20font-family%3D%22sans-serif%22%20font-size%3D%2230%22%20dy%3D%2210.5%22%20font-weight%3D%22bold%22%20x%3D%2250%25%22%20y%3D%2250%25%22%20text-anchor%3D%22middle%22%3E1067%C3%97667%3C%2Ftext%3E%3C%2Fsvg%3E&#039;);\"><div class=\"flip-box-back-inner\"><h4 class=\"flip-box-heading-back\" style=\"--h4_typography-font-family:var(--awb-typography1-font-family);--h4_typography-font-weight:var(--awb-typography1-font-weight);--h4_typography-font-style:var(--awb-typography1-font-style);--h4_typography-font-size:30px;--h4_typography-letter-spacing:var(--awb-typography1-letter-spacing);--h4_typography-line-height:var(--awb-typography1-line-height);--h4_typography-text-transform:var(--awb-typography1-text-transform);\">james a. depp<\/h4>\n<p style=\"margin: 20px 30px 20px 30px;\">&#8220;I&#8217;ve been using the services of XYZ Company for my business, and I&#8217;m thoroughly impressed. Their professionalism and dedication to customer satisfaction are unmatched. Sed tempore dui ipsum. They truly understand our needs and go above and beyond to deliver exceptional results. I&#8217;m grateful to have found such a reliable partner.&#8221;<\/p>\n<\/div><\/div><\/div><\/div><\/div><div class=\"fusion-flip-box-wrapper fusion-column col-lg-6 col-md-6 col-sm-6\"><div class=\"fusion-flip-box flip-down fusion-animated\" style=\"--awb-animation-color:hsla(var(--awb-color2-h),calc(var(--awb-color2-s) + 30%),var(--awb-color2-l),var(--awb-color2-a));\" tabindex=\"0\" data-animationType=\"revealInUp\" data-animationDuration=\"1.0\" data-animationOffset=\"top-into-view\"><div class=\"flip-box-inner-wrapper\"><div class=\"flip-box-front\" style=\"--awb-border-size:0px;--awb-border-radius:10px;--awb-title-front-color:var(--awb-color1);--awb-text-front-color:var(--awb-color3);--awb-background-image-front:url(&#039;data:image\/svg+xml;utf8,%3Csvg%20xmlns%3D%22http%3A%2F%2Fwww.w3.org%2F2000%2Fsvg%22%20width%3D%221067%22%20height%3D%22667%22%20viewBox%3D%220%200%201067%20667%22%3E%3Crect%20fill%3D%22%23ffffff%22%20width%3D%221067%22%20height%3D%22667%22%2F%3E%3Ctext%20fill%3D%22rgba%280%2C0%2C0%2C0.5%29%22%20font-family%3D%22sans-serif%22%20font-size%3D%2230%22%20dy%3D%2210.5%22%20font-weight%3D%22bold%22%20x%3D%2250%25%22%20y%3D%2250%25%22%20text-anchor%3D%22middle%22%3E1067%C3%97667%3C%2Ftext%3E%3C%2Fsvg%3E&#039;);\"><div class=\"flip-box-front-inner\"><h4 class=\"flip-box-heading\" style=\"--h4_typography-font-size:30px;--h4_typography-letter-spacing:var(--awb-typography1-letter-spacing);--h4_typography-line-height:var(--awb-typography1-line-height);--h4_typography-text-transform:var(--awb-typography1-text-transform);\">david s. thomas<\/h4>Founder &amp; CEO<\/div><\/div><div class=\"flip-box-back\" style=\"--awb-border-size:0px;--awb-border-radius:10px;--awb-background-color-back:hsla(var(--awb-color5-h),calc(var(--awb-color5-s) + 15%),var(--awb-color5-l),var(--awb-color5-a));--awb-title-back-color:var(--awb-color1);--awb-text-back-color:var(--awb-color1);--awb-background-image-back:url(&#039;data:image\/svg+xml;utf8,%3Csvg%20xmlns%3D%22http%3A%2F%2Fwww.w3.org%2F2000%2Fsvg%22%20width%3D%221067%22%20height%3D%22667%22%20viewBox%3D%220%200%201067%20667%22%3E%3Crect%20fill%3D%22%23ffffff%22%20width%3D%221067%22%20height%3D%22667%22%2F%3E%3Ctext%20fill%3D%22rgba%280%2C0%2C0%2C0.5%29%22%20font-family%3D%22sans-serif%22%20font-size%3D%2230%22%20dy%3D%2210.5%22%20font-weight%3D%22bold%22%20x%3D%2250%25%22%20y%3D%2250%25%22%20text-anchor%3D%22middle%22%3E1067%C3%97667%3C%2Ftext%3E%3C%2Fsvg%3E&#039;);\"><div class=\"flip-box-back-inner\"><h4 class=\"flip-box-heading-back\" style=\"--h4_typography-font-family:var(--awb-typography1-font-family);--h4_typography-font-weight:var(--awb-typography1-font-weight);--h4_typography-font-style:var(--awb-typography1-font-style);--h4_typography-font-size:30px;--h4_typography-letter-spacing:var(--awb-typography1-letter-spacing);--h4_typography-line-height:var(--awb-typography1-line-height);--h4_typography-text-transform:var(--awb-typography1-text-transform);\">david s. thomas<\/h4>\n<p style=\"margin: 20px 30px 20px 30px;\">&#8220;I&#8217;ve been using the services of XYZ Company for my business, and I&#8217;m thoroughly impressed. Their professionalism and dedication to customer satisfaction are unmatched. Sed tempore dui ipsum. They truly understand our needs and go above and beyond to deliver exceptional results. I&#8217;m grateful to have found such a reliable partner.&#8221;<\/p>\n<\/div><\/div><\/div><\/div><\/div><div class=\"fusion-flip-box-wrapper fusion-column col-lg-6 col-md-6 col-sm-6\"><div class=\"fusion-flip-box flip-right fusion-animated\" style=\"--awb-animation-color:hsla(var(--awb-color2-h),calc(var(--awb-color2-s) + 30%),var(--awb-color2-l),var(--awb-color2-a));\" tabindex=\"0\" data-animationType=\"revealInDown\" data-animationDuration=\"1.0\" data-animationOffset=\"top-into-view\"><div class=\"flip-box-inner-wrapper\"><div class=\"flip-box-front\" style=\"--awb-border-size:0px;--awb-border-radius:10px;--awb-title-front-color:var(--awb-color1);--awb-text-front-color:var(--awb-color3);--awb-background-image-front:url(&#039;https:\/\/thesewingboxmag.com\/wp-content\/uploads\/2024\/10\/clubdelacalceta-1.jpg&#039;);\"><div class=\"flip-box-front-inner\"><h4 class=\"flip-box-heading\" style=\"--h4_typography-font-size:30px;--h4_typography-letter-spacing:var(--awb-typography1-letter-spacing);--h4_typography-line-height:var(--awb-typography1-line-height);--h4_typography-text-transform:var(--awb-typography1-text-transform);\">emily r. paisley<\/h4>Application Developer<\/div><\/div><div class=\"flip-box-back\" style=\"--awb-border-size:0px;--awb-border-radius:10px;--awb-background-color-back:hsla(var(--awb-color5-h),calc(var(--awb-color5-s) + 15%),var(--awb-color5-l),var(--awb-color5-a));--awb-title-back-color:var(--awb-color7);--awb-text-back-color:var(--awb-color7);\"><div class=\"flip-box-back-inner\"><h4 class=\"flip-box-heading-back\" style=\"--h4_typography-font-family:var(--awb-typography1-font-family);--h4_typography-font-weight:var(--awb-typography1-font-weight);--h4_typography-font-style:var(--awb-typography1-font-style);--h4_typography-font-size:30px;--h4_typography-letter-spacing:var(--awb-typography1-letter-spacing);--h4_typography-line-height:var(--awb-typography1-line-height);--h4_typography-text-transform:var(--awb-typography1-text-transform);\">emily r. paisley<\/h4>\n<p style=\"margin: 20px 30px 20px 30px;\">&#8220;I&#8217;ve been using the services of XYZ Company for my business, and I&#8217;m thoroughly impressed. Their professionalism and dedication to customer satisfaction are unmatched. Sed tempore dui ipsum. They truly understand our needs and go above and beyond to deliver exceptional results. I&#8217;m grateful to have found such a reliable partner.&#8221;<\/p>\n<\/div><\/div><\/div><\/div><\/div><\/div><\/div><\/div><\/div><\/div><\/p>\n","protected":false},"excerpt":{"rendered":"","protected":false},"author":19,"featured_media":0,"parent":0,"menu_order":0,"comment_status":"closed","ping_status":"closed","template":"100-width.php","meta":{"footnotes":""},"class_list":["post-17628","page","type-page","status-publish","hentry"],"_links":{"self":[{"href":"https:\/\/thesewingboxmag.com\/en\/wp-json\/wp\/v2\/pages\/17628","targetHints":{"allow":["GET"]}}],"collection":[{"href":"https:\/\/thesewingboxmag.com\/en\/wp-json\/wp\/v2\/pages"}],"about":[{"href":"https:\/\/thesewingboxmag.com\/en\/wp-json\/wp\/v2\/types\/page"}],"author":[{"embeddable":true,"href":"https:\/\/thesewingboxmag.com\/en\/wp-json\/wp\/v2\/users\/19"}],"replies":[{"embeddable":true,"href":"https:\/\/thesewingboxmag.com\/en\/wp-json\/wp\/v2\/comments?post=17628"}],"version-history":[{"count":0,"href":"https:\/\/thesewingboxmag.com\/en\/wp-json\/wp\/v2\/pages\/17628\/revisions"}],"wp:attachment":[{"href":"https:\/\/thesewingboxmag.com\/en\/wp-json\/wp\/v2\/media?parent=17628"}],"curies":[{"name":"wp","href":"https:\/\/api.w.org\/{rel}","templated":true}]}}