{"id":17544,"date":"2025-01-16T13:18:29","date_gmt":"2025-01-16T12:18:29","guid":{"rendered":"https:\/\/thesewingboxmag.com\/en\/?page_id=17544"},"modified":"2025-02-06T12:20:26","modified_gmt":"2025-02-06T11:20:26","slug":"the-sewing-box-magazine-15-english-digital","status":"publish","type":"page","link":"https:\/\/thesewingboxmag.com\/en\/the-sewing-box-magazine-15-english-digital\/","title":{"rendered":"The Sewing Box magazine 15 english digitaI"},"content":{"rendered":"<div class=\"fusion-fullwidth fullwidth-box fusion-builder-row-1 fusion-flex-container has-pattern-background has-mask-background hundred-percent-fullwidth non-hundred-percent-height-scrolling\" style=\"--awb-border-radius-top-left:0px;--awb-border-radius-top-right:0px;--awb-border-radius-bottom-right:0px;--awb-border-radius-bottom-left:0px;--awb-padding-right:2%;--awb-padding-bottom:2%;--awb-padding-left:2%;--awb-flex-wrap:wrap;\" ><div class=\"fusion-builder-row fusion-row fusion-flex-align-items-flex-start fusion-flex-content-wrap\" style=\"width:104% !important;max-width:104% !important;margin-left: calc(-4% \/ 2 );margin-right: calc(-4% \/ 2 );\"><div class=\"fusion-layout-column fusion_builder_column fusion-builder-column-0 fusion_builder_column_1_1 1_1 fusion-flex-column\" style=\"--awb-bg-blend:overlay;--awb-bg-size:cover;--awb-width-large:100%;--awb-margin-top-large:0px;--awb-spacing-right-large:1.92%;--awb-margin-bottom-large:0px;--awb-spacing-left-large:1.92%;--awb-width-medium:100%;--awb-spacing-right-medium:1.92%;--awb-spacing-left-medium:1.92%;--awb-width-small:100%;--awb-spacing-right-small:1.92%;--awb-spacing-left-small:1.92%;\"><div class=\"fusion-column-wrapper fusion-flex-justify-content-flex-start fusion-content-layout-column\"><div class=\"fusion-text fusion-text-1\"><p class=\"gutentor-single-item-desc\">The Sewing Box 15 is full of contemporary and timeless knitting, crochet and amigurumi patterns. Projects for all levels explained step by step and with additional material in the digital annex. You will also find interviews and a colourful gallery of illustrators.<\/p>\n<p>If you have any doubts on how to purchase the e-book or if you have questions after buying your copy, send an e-mail to info@thesewingboxmag.com, we will answer you in English!<\/p>\n<p><strong>Featured designers: <\/strong>PetiteKnit, Biches &amp; B\u00fbches, Hilando Campos, Loareknits, Tata Patata, Air Crochet, Minimalism with Yarn, LPR Handmade, Colores Santos Crochet, To\u00f1i Belch\u00ed, Atrapa Sue\u00f1os Crochet, Mabe Berrios and Natura Crochet.<\/p>\n<p><strong>Cover: <\/strong>PetiteKnit<br \/>\n<strong>Collection:<\/strong>\u00a0The Sewing Box<br \/>\n<strong>Number of projects:<\/strong> 13<br \/>\n<strong>Number of pages:<\/strong> 115<\/p>\n<\/div><div class=\"fusion-content-boxes content-boxes columns row fusion-columns-1 fusion-columns-total-1 fusion-content-boxes-1 content-boxes-icon-on-top content-left\" style=\"--awb-hover-accent-color:var(--awb-color4);--awb-circle-hover-accent-color:var(--awb-color4);--awb-item-margin-bottom:40px;\" data-animationOffset=\"top-into-view\"><div style=\"--awb-backgroundcolor:rgba(255,255,255,0);\" class=\"fusion-column content-box-column content-box-column content-box-column-1 col-lg-12 col-md-12 col-sm-12 fusion-content-box-hover content-box-column-last content-box-column-last-in-row\"><div class=\"col content-box-wrapper content-wrapper link-area-link-icon link-type-button content-icon-wrapper-yes icon-hover-animation-fade fusion-animated\" data-animationType=\"bounceInLeft\" data-animationDuration=\"0.3\" data-animationOffset=\"top-into-view\"><div class=\"heading heading-with-icon icon-left\"><a class=\"heading-link\" href=\"https:\/\/sowl.co\/kPt5e\" target=\"_self\"><div class=\"icon\"><span style=\"height:42px;width:42px;line-height:22px;border-color:rgba(255,255,255,0);border-width:1px;border-style:solid;background-color:var(--awb-color8);box-sizing:content-box;border-radius:50%;\"><i style=\"border-color:var(--awb-color8);border-width:1px;background-color:var(--awb-color7);box-sizing:content-box;height:40px;width:40px;line-height:40px;border-radius:50%;position:relative;top:auto;left:auto;margin:0;border-radius:50%;font-size:20px;\" aria-hidden=\"true\" class=\"fontawesome-icon fa-arrow-alt-circle-down fas circle-yes\"><\/i><\/span><\/div><h2 class=\"content-box-heading\" style=\"--h2_typography-font-size:24px;line-height:29px;\">I want this!<\/h2><\/a><\/div><div class=\"fusion-clearfix\"><\/div><div class=\"content-container\">\n<p>17,90\u20ac<\/p>\n<\/div><div class=\"fusion-clearfix\"><\/div><a class=\"fusion-read-more-button fusion-content-box-button fusion-button button-default fusion-button-default-size button- button-flat\" href=\"https:\/\/sowl.co\/kPt5e\" target=\"_self\"><span class=\"fusion-button-text\">Add to cart<\/span><\/a><div class=\"fusion-clearfix\"><\/div><\/div><\/div><div class=\"fusion-clearfix\"><\/div><\/div><div class=\"awb-gallery-wrapper awb-gallery-wrapper-1 button-span-no\" style=\"--more-btn-alignment:center;\"><div style=\"margin:-5px;--awb-bordersize:0px;\" class=\"fusion-gallery fusion-gallery-container fusion-grid-3 fusion-columns-total-14 fusion-gallery-layout-grid fusion-gallery-1\"><div style=\"padding:5px;\" class=\"fusion-grid-column fusion-gallery-column fusion-gallery-column-3 hover-type-none\"><div class=\"fusion-gallery-image\"><a href=\"https:\/\/thesewingboxmag.com\/en\/wp-content\/uploads\/sites\/2\/2025\/01\/biiii.jpg\" rel=\"noreferrer\" data-rel=\"iLightbox[gallery_image_1]\" class=\"fusion-lightbox\" target=\"_self\"><img decoding=\"async\" src=\"https:\/\/thesewingboxmag.com\/en\/wp-content\/uploads\/sites\/2\/2025\/01\/biiii.jpg\" data-orig-src=\"https:\/\/thesewingboxmag.com\/en\/wp-content\/uploads\/sites\/2\/2025\/01\/biiii.jpg\" width=\"500\" height=\"640\" alt=\"\" title=\"Clara Sweater by Biches &#038; B\u00fbches for TSB 15\" aria-label=\"Clara Sweater by Biches &#038; B\u00fbches for TSB 15\" class=\"lazyload img-responsive wp-image-17565\" srcset=\"data:image\/svg+xml,%3Csvg%20xmlns%3D%27http%3A%2F%2Fwww.w3.org%2F2000%2Fsvg%27%20width%3D%27500%27%20height%3D%27640%27%20viewBox%3D%270%200%20500%20640%27%3E%3Crect%20width%3D%27500%27%20height%3D%27640%27%20fill-opacity%3D%220%22%2F%3E%3C%2Fsvg%3E\" data-srcset=\"https:\/\/thesewingboxmag.com\/en\/wp-content\/uploads\/sites\/2\/2025\/01\/biiii-200x256.jpg 200w, https:\/\/thesewingboxmag.com\/en\/wp-content\/uploads\/sites\/2\/2025\/01\/biiii-400x512.jpg 400w, https:\/\/thesewingboxmag.com\/en\/wp-content\/uploads\/sites\/2\/2025\/01\/biiii.jpg 500w\" data-sizes=\"auto\" data-orig-sizes=\"(min-width: 2200px) 100vw, (min-width: 784px) 417px, (min-width: 712px) 625px, (min-width: 640px) 712px, \" \/><\/a><\/div><\/div><div style=\"padding:5px;\" class=\"fusion-grid-column fusion-gallery-column fusion-gallery-column-3 hover-type-none\"><div class=\"fusion-gallery-image\"><a href=\"https:\/\/thesewingboxmag.com\/en\/wp-content\/uploads\/sites\/2\/2025\/01\/lo.jpg\" rel=\"noreferrer\" data-rel=\"iLightbox[gallery_image_1]\" class=\"fusion-lightbox\" target=\"_self\"><img decoding=\"async\" src=\"https:\/\/thesewingboxmag.com\/en\/wp-content\/uploads\/sites\/2\/2025\/01\/lo.jpg\" data-orig-src=\"https:\/\/thesewingboxmag.com\/en\/wp-content\/uploads\/sites\/2\/2025\/01\/lo.jpg\" width=\"500\" height=\"640\" alt=\"\" title=\"Motz Socks by LoareKnits for TSB 15\" aria-label=\"Motz Socks by LoareKnits for TSB 15\" class=\"lazyload img-responsive wp-image-17564\" srcset=\"data:image\/svg+xml,%3Csvg%20xmlns%3D%27http%3A%2F%2Fwww.w3.org%2F2000%2Fsvg%27%20width%3D%27500%27%20height%3D%27640%27%20viewBox%3D%270%200%20500%20640%27%3E%3Crect%20width%3D%27500%27%20height%3D%27640%27%20fill-opacity%3D%220%22%2F%3E%3C%2Fsvg%3E\" data-srcset=\"https:\/\/thesewingboxmag.com\/en\/wp-content\/uploads\/sites\/2\/2025\/01\/lo-200x256.jpg 200w, https:\/\/thesewingboxmag.com\/en\/wp-content\/uploads\/sites\/2\/2025\/01\/lo-400x512.jpg 400w, https:\/\/thesewingboxmag.com\/en\/wp-content\/uploads\/sites\/2\/2025\/01\/lo.jpg 500w\" data-sizes=\"auto\" data-orig-sizes=\"(min-width: 2200px) 100vw, (min-width: 784px) 417px, (min-width: 712px) 625px, (min-width: 640px) 712px, \" \/><\/a><\/div><\/div><div style=\"padding:5px;\" class=\"fusion-grid-column fusion-gallery-column fusion-gallery-column-3 hover-type-none\"><div class=\"fusion-gallery-image\"><a href=\"https:\/\/thesewingboxmag.com\/en\/wp-content\/uploads\/sites\/2\/2025\/01\/lp.jpg\" rel=\"noreferrer\" data-rel=\"iLightbox[gallery_image_1]\" class=\"fusion-lightbox\" target=\"_self\"><img decoding=\"async\" src=\"https:\/\/thesewingboxmag.com\/en\/wp-content\/uploads\/sites\/2\/2025\/01\/lp.jpg\" data-orig-src=\"https:\/\/thesewingboxmag.com\/en\/wp-content\/uploads\/sites\/2\/2025\/01\/lp.jpg\" width=\"500\" height=\"640\" alt=\"\" title=\"Laia Top by LPR Handmade for TSB 15\" aria-label=\"Laia Top by LPR Handmade for TSB 15\" class=\"lazyload img-responsive wp-image-17559\" srcset=\"data:image\/svg+xml,%3Csvg%20xmlns%3D%27http%3A%2F%2Fwww.w3.org%2F2000%2Fsvg%27%20width%3D%27500%27%20height%3D%27640%27%20viewBox%3D%270%200%20500%20640%27%3E%3Crect%20width%3D%27500%27%20height%3D%27640%27%20fill-opacity%3D%220%22%2F%3E%3C%2Fsvg%3E\" data-srcset=\"https:\/\/thesewingboxmag.com\/en\/wp-content\/uploads\/sites\/2\/2025\/01\/lp-200x256.jpg 200w, https:\/\/thesewingboxmag.com\/en\/wp-content\/uploads\/sites\/2\/2025\/01\/lp-400x512.jpg 400w, https:\/\/thesewingboxmag.com\/en\/wp-content\/uploads\/sites\/2\/2025\/01\/lp.jpg 500w\" data-sizes=\"auto\" data-orig-sizes=\"(min-width: 2200px) 100vw, (min-width: 784px) 417px, (min-width: 712px) 625px, (min-width: 640px) 712px, \" \/><\/a><\/div><\/div><div class=\"clearfix\"><\/div><div style=\"padding:5px;\" class=\"fusion-grid-column fusion-gallery-column fusion-gallery-column-3 hover-type-none\"><div class=\"fusion-gallery-image\"><a href=\"https:\/\/thesewingboxmag.com\/en\/wp-content\/uploads\/sites\/2\/2025\/01\/to.jpg\" rel=\"noreferrer\" data-rel=\"iLightbox[gallery_image_1]\" class=\"fusion-lightbox\" target=\"_self\"><img decoding=\"async\" src=\"https:\/\/thesewingboxmag.com\/en\/wp-content\/uploads\/sites\/2\/2025\/01\/to.jpg\" data-orig-src=\"https:\/\/thesewingboxmag.com\/en\/wp-content\/uploads\/sites\/2\/2025\/01\/to.jpg\" width=\"500\" height=\"640\" alt=\"\" title=\"Azahar Shawl by To\u00f1i Belch\u00ed for TSB 15\" aria-label=\"Azahar Shawl by To\u00f1i Belch\u00ed for TSB 15\" class=\"lazyload img-responsive wp-image-17555\" srcset=\"data:image\/svg+xml,%3Csvg%20xmlns%3D%27http%3A%2F%2Fwww.w3.org%2F2000%2Fsvg%27%20width%3D%27500%27%20height%3D%27640%27%20viewBox%3D%270%200%20500%20640%27%3E%3Crect%20width%3D%27500%27%20height%3D%27640%27%20fill-opacity%3D%220%22%2F%3E%3C%2Fsvg%3E\" data-srcset=\"https:\/\/thesewingboxmag.com\/en\/wp-content\/uploads\/sites\/2\/2025\/01\/to-200x256.jpg 200w, https:\/\/thesewingboxmag.com\/en\/wp-content\/uploads\/sites\/2\/2025\/01\/to-400x512.jpg 400w, https:\/\/thesewingboxmag.com\/en\/wp-content\/uploads\/sites\/2\/2025\/01\/to.jpg 500w\" data-sizes=\"auto\" data-orig-sizes=\"(min-width: 2200px) 100vw, (min-width: 784px) 417px, (min-width: 712px) 625px, (min-width: 640px) 712px, \" \/><\/a><\/div><\/div><div style=\"padding:5px;\" class=\"fusion-grid-column fusion-gallery-column fusion-gallery-column-3 hover-type-none\"><div class=\"fusion-gallery-image\"><a href=\"https:\/\/thesewingboxmag.com\/en\/wp-content\/uploads\/sites\/2\/2025\/01\/pe.jpg\" rel=\"noreferrer\" data-rel=\"iLightbox[gallery_image_1]\" class=\"fusion-lightbox\" target=\"_self\"><img decoding=\"async\" src=\"https:\/\/thesewingboxmag.com\/en\/wp-content\/uploads\/sites\/2\/2025\/01\/pe.jpg\" data-orig-src=\"https:\/\/thesewingboxmag.com\/en\/wp-content\/uploads\/sites\/2\/2025\/01\/pe.jpg\" width=\"500\" height=\"640\" alt=\"\" title=\"Marie Purse by PetiteKnit for TSB 15\" aria-label=\"Marie Purse by PetiteKnit for TSB 15\" class=\"lazyload img-responsive wp-image-17556\" srcset=\"data:image\/svg+xml,%3Csvg%20xmlns%3D%27http%3A%2F%2Fwww.w3.org%2F2000%2Fsvg%27%20width%3D%27500%27%20height%3D%27640%27%20viewBox%3D%270%200%20500%20640%27%3E%3Crect%20width%3D%27500%27%20height%3D%27640%27%20fill-opacity%3D%220%22%2F%3E%3C%2Fsvg%3E\" data-srcset=\"https:\/\/thesewingboxmag.com\/en\/wp-content\/uploads\/sites\/2\/2025\/01\/pe-200x256.jpg 200w, https:\/\/thesewingboxmag.com\/en\/wp-content\/uploads\/sites\/2\/2025\/01\/pe-400x512.jpg 400w, https:\/\/thesewingboxmag.com\/en\/wp-content\/uploads\/sites\/2\/2025\/01\/pe.jpg 500w\" data-sizes=\"auto\" data-orig-sizes=\"(min-width: 2200px) 100vw, (min-width: 784px) 417px, (min-width: 712px) 625px, (min-width: 640px) 712px, \" \/><\/a><\/div><\/div><div style=\"padding:5px;\" class=\"fusion-grid-column fusion-gallery-column fusion-gallery-column-3 hover-type-none\"><div class=\"fusion-gallery-image\"><a href=\"https:\/\/thesewingboxmag.com\/en\/wp-content\/uploads\/sites\/2\/2025\/01\/ai.jpg\" rel=\"noreferrer\" data-rel=\"iLightbox[gallery_image_1]\" class=\"fusion-lightbox\" target=\"_self\"><img decoding=\"async\" src=\"https:\/\/thesewingboxmag.com\/en\/wp-content\/uploads\/sites\/2\/2025\/01\/ai.jpg\" data-orig-src=\"https:\/\/thesewingboxmag.com\/en\/wp-content\/uploads\/sites\/2\/2025\/01\/ai.jpg\" width=\"500\" height=\"640\" alt=\"\" title=\"Herringbone Potholders by Air Crochet for TSB 15\" aria-label=\"Herringbone Potholders by Air Crochet for TSB 15\" class=\"lazyload img-responsive wp-image-17557\" srcset=\"data:image\/svg+xml,%3Csvg%20xmlns%3D%27http%3A%2F%2Fwww.w3.org%2F2000%2Fsvg%27%20width%3D%27500%27%20height%3D%27640%27%20viewBox%3D%270%200%20500%20640%27%3E%3Crect%20width%3D%27500%27%20height%3D%27640%27%20fill-opacity%3D%220%22%2F%3E%3C%2Fsvg%3E\" data-srcset=\"https:\/\/thesewingboxmag.com\/en\/wp-content\/uploads\/sites\/2\/2025\/01\/ai-200x256.jpg 200w, https:\/\/thesewingboxmag.com\/en\/wp-content\/uploads\/sites\/2\/2025\/01\/ai-400x512.jpg 400w, https:\/\/thesewingboxmag.com\/en\/wp-content\/uploads\/sites\/2\/2025\/01\/ai.jpg 500w\" data-sizes=\"auto\" data-orig-sizes=\"(min-width: 2200px) 100vw, (min-width: 784px) 417px, (min-width: 712px) 625px, (min-width: 640px) 712px, \" \/><\/a><\/div><\/div><div class=\"clearfix\"><\/div><div style=\"padding:5px;\" class=\"fusion-grid-column fusion-gallery-column fusion-gallery-column-3 hover-type-none\"><div class=\"fusion-gallery-image\"><a href=\"https:\/\/thesewingboxmag.com\/en\/wp-content\/uploads\/sites\/2\/2025\/01\/mi.jpg\" rel=\"noreferrer\" data-rel=\"iLightbox[gallery_image_1]\" class=\"fusion-lightbox\" target=\"_self\"><img decoding=\"async\" src=\"https:\/\/thesewingboxmag.com\/en\/wp-content\/uploads\/sites\/2\/2025\/01\/mi.jpg\" data-orig-src=\"https:\/\/thesewingboxmag.com\/en\/wp-content\/uploads\/sites\/2\/2025\/01\/mi.jpg\" width=\"500\" height=\"640\" alt=\"\" title=\"M\u00e2yche Scarf by Minimalism with Yarn for TSB 15\" aria-label=\"M\u00e2yche Scarf by Minimalism with Yarn for TSB 15\" class=\"lazyload img-responsive wp-image-17558\" srcset=\"data:image\/svg+xml,%3Csvg%20xmlns%3D%27http%3A%2F%2Fwww.w3.org%2F2000%2Fsvg%27%20width%3D%27500%27%20height%3D%27640%27%20viewBox%3D%270%200%20500%20640%27%3E%3Crect%20width%3D%27500%27%20height%3D%27640%27%20fill-opacity%3D%220%22%2F%3E%3C%2Fsvg%3E\" data-srcset=\"https:\/\/thesewingboxmag.com\/en\/wp-content\/uploads\/sites\/2\/2025\/01\/mi-200x256.jpg 200w, https:\/\/thesewingboxmag.com\/en\/wp-content\/uploads\/sites\/2\/2025\/01\/mi-400x512.jpg 400w, https:\/\/thesewingboxmag.com\/en\/wp-content\/uploads\/sites\/2\/2025\/01\/mi.jpg 500w\" data-sizes=\"auto\" data-orig-sizes=\"(min-width: 2200px) 100vw, (min-width: 784px) 417px, (min-width: 712px) 625px, (min-width: 640px) 712px, \" \/><\/a><\/div><\/div><div style=\"padding:5px;\" class=\"fusion-grid-column fusion-gallery-column fusion-gallery-column-3 hover-type-none\"><div class=\"fusion-gallery-image\"><a href=\"https:\/\/thesewingboxmag.com\/en\/wp-content\/uploads\/sites\/2\/2025\/01\/na.jpg\" rel=\"noreferrer\" data-rel=\"iLightbox[gallery_image_1]\" class=\"fusion-lightbox\" target=\"_self\"><img decoding=\"async\" src=\"https:\/\/thesewingboxmag.com\/en\/wp-content\/uploads\/sites\/2\/2025\/01\/na.jpg\" data-orig-src=\"https:\/\/thesewingboxmag.com\/en\/wp-content\/uploads\/sites\/2\/2025\/01\/na.jpg\" width=\"500\" height=\"640\" alt=\"\" title=\"Kate, the jellyfish, by Natura Crochet for TSB 15\" aria-label=\"Kate, the jellyfish, by Natura Crochet for TSB 15\" class=\"lazyload img-responsive wp-image-17554\" srcset=\"data:image\/svg+xml,%3Csvg%20xmlns%3D%27http%3A%2F%2Fwww.w3.org%2F2000%2Fsvg%27%20width%3D%27500%27%20height%3D%27640%27%20viewBox%3D%270%200%20500%20640%27%3E%3Crect%20width%3D%27500%27%20height%3D%27640%27%20fill-opacity%3D%220%22%2F%3E%3C%2Fsvg%3E\" data-srcset=\"https:\/\/thesewingboxmag.com\/en\/wp-content\/uploads\/sites\/2\/2025\/01\/na-200x256.jpg 200w, https:\/\/thesewingboxmag.com\/en\/wp-content\/uploads\/sites\/2\/2025\/01\/na-400x512.jpg 400w, https:\/\/thesewingboxmag.com\/en\/wp-content\/uploads\/sites\/2\/2025\/01\/na.jpg 500w\" data-sizes=\"auto\" data-orig-sizes=\"(min-width: 2200px) 100vw, (min-width: 784px) 417px, (min-width: 712px) 625px, (min-width: 640px) 712px, \" \/><\/a><\/div><\/div><div style=\"padding:5px;\" class=\"fusion-grid-column fusion-gallery-column fusion-gallery-column-3 hover-type-none\"><div class=\"fusion-gallery-image\"><a href=\"https:\/\/thesewingboxmag.com\/en\/wp-content\/uploads\/sites\/2\/2025\/01\/at-1.jpg\" rel=\"noreferrer\" data-rel=\"iLightbox[gallery_image_1]\" class=\"fusion-lightbox\" target=\"_self\"><img decoding=\"async\" src=\"https:\/\/thesewingboxmag.com\/en\/wp-content\/uploads\/sites\/2\/2025\/01\/at-1.jpg\" data-orig-src=\"https:\/\/thesewingboxmag.com\/en\/wp-content\/uploads\/sites\/2\/2025\/01\/at-1.jpg\" width=\"500\" height=\"640\" alt=\"\" title=\"Carmin Scarf by Atrapasue\u00f1os Crochet for TSB15\" aria-label=\"Carmin Scarf by Atrapasue\u00f1os Crochet for TSB15\" class=\"lazyload img-responsive wp-image-17560\" srcset=\"data:image\/svg+xml,%3Csvg%20xmlns%3D%27http%3A%2F%2Fwww.w3.org%2F2000%2Fsvg%27%20width%3D%27500%27%20height%3D%27640%27%20viewBox%3D%270%200%20500%20640%27%3E%3Crect%20width%3D%27500%27%20height%3D%27640%27%20fill-opacity%3D%220%22%2F%3E%3C%2Fsvg%3E\" data-srcset=\"https:\/\/thesewingboxmag.com\/en\/wp-content\/uploads\/sites\/2\/2025\/01\/at-1-200x256.jpg 200w, https:\/\/thesewingboxmag.com\/en\/wp-content\/uploads\/sites\/2\/2025\/01\/at-1-400x512.jpg 400w, https:\/\/thesewingboxmag.com\/en\/wp-content\/uploads\/sites\/2\/2025\/01\/at-1.jpg 500w\" data-sizes=\"auto\" data-orig-sizes=\"(min-width: 2200px) 100vw, (min-width: 784px) 417px, (min-width: 712px) 625px, (min-width: 640px) 712px, \" \/><\/a><\/div><\/div><div class=\"clearfix\"><\/div><div style=\"padding:5px;\" class=\"fusion-grid-column fusion-gallery-column fusion-gallery-column-3 hover-type-none\"><div class=\"fusion-gallery-image\"><a href=\"https:\/\/thesewingboxmag.com\/en\/wp-content\/uploads\/sites\/2\/2025\/01\/co.jpg\" rel=\"noreferrer\" data-rel=\"iLightbox[gallery_image_1]\" class=\"fusion-lightbox\" target=\"_self\"><img decoding=\"async\" src=\"https:\/\/thesewingboxmag.com\/en\/wp-content\/uploads\/sites\/2\/2025\/01\/co.jpg\" data-orig-src=\"https:\/\/thesewingboxmag.com\/en\/wp-content\/uploads\/sites\/2\/2025\/01\/co.jpg\" width=\"500\" height=\"640\" alt=\"\" title=\"Smith Cardigan by Colores Santos Crochet for TSB 15\" aria-label=\"Smith Cardigan by Colores Santos Crochet for TSB 15\" class=\"lazyload img-responsive wp-image-17561\" srcset=\"data:image\/svg+xml,%3Csvg%20xmlns%3D%27http%3A%2F%2Fwww.w3.org%2F2000%2Fsvg%27%20width%3D%27500%27%20height%3D%27640%27%20viewBox%3D%270%200%20500%20640%27%3E%3Crect%20width%3D%27500%27%20height%3D%27640%27%20fill-opacity%3D%220%22%2F%3E%3C%2Fsvg%3E\" data-srcset=\"https:\/\/thesewingboxmag.com\/en\/wp-content\/uploads\/sites\/2\/2025\/01\/co-200x256.jpg 200w, https:\/\/thesewingboxmag.com\/en\/wp-content\/uploads\/sites\/2\/2025\/01\/co-400x512.jpg 400w, https:\/\/thesewingboxmag.com\/en\/wp-content\/uploads\/sites\/2\/2025\/01\/co.jpg 500w\" data-sizes=\"auto\" data-orig-sizes=\"(min-width: 2200px) 100vw, (min-width: 784px) 417px, (min-width: 712px) 625px, (min-width: 640px) 712px, \" \/><\/a><\/div><\/div><div style=\"padding:5px;\" class=\"fusion-grid-column fusion-gallery-column fusion-gallery-column-3 hover-type-none\"><div class=\"fusion-gallery-image\"><a href=\"https:\/\/thesewingboxmag.com\/en\/wp-content\/uploads\/sites\/2\/2025\/01\/hi.jpg\" rel=\"noreferrer\" data-rel=\"iLightbox[gallery_image_1]\" class=\"fusion-lightbox\" target=\"_self\"><img decoding=\"async\" src=\"https:\/\/thesewingboxmag.com\/en\/wp-content\/uploads\/sites\/2\/2025\/01\/hi.jpg\" data-orig-src=\"https:\/\/thesewingboxmag.com\/en\/wp-content\/uploads\/sites\/2\/2025\/01\/hi.jpg\" width=\"500\" height=\"640\" alt=\"\" title=\"Magnolia Dress by Hilando Campos for TSB 15\" aria-label=\"Magnolia Dress by Hilando Campos for TSB 15\" class=\"lazyload img-responsive wp-image-17562\" srcset=\"data:image\/svg+xml,%3Csvg%20xmlns%3D%27http%3A%2F%2Fwww.w3.org%2F2000%2Fsvg%27%20width%3D%27500%27%20height%3D%27640%27%20viewBox%3D%270%200%20500%20640%27%3E%3Crect%20width%3D%27500%27%20height%3D%27640%27%20fill-opacity%3D%220%22%2F%3E%3C%2Fsvg%3E\" data-srcset=\"https:\/\/thesewingboxmag.com\/en\/wp-content\/uploads\/sites\/2\/2025\/01\/hi-200x256.jpg 200w, https:\/\/thesewingboxmag.com\/en\/wp-content\/uploads\/sites\/2\/2025\/01\/hi-400x512.jpg 400w, https:\/\/thesewingboxmag.com\/en\/wp-content\/uploads\/sites\/2\/2025\/01\/hi.jpg 500w\" data-sizes=\"auto\" data-orig-sizes=\"(min-width: 2200px) 100vw, (min-width: 784px) 417px, (min-width: 712px) 625px, (min-width: 640px) 712px, \" \/><\/a><\/div><\/div><div style=\"padding:5px;\" class=\"fusion-grid-column fusion-gallery-column fusion-gallery-column-3 hover-type-none\"><div class=\"fusion-gallery-image\"><a href=\"https:\/\/thesewingboxmag.com\/en\/wp-content\/uploads\/sites\/2\/2025\/01\/ta.jpg\" rel=\"noreferrer\" data-rel=\"iLightbox[gallery_image_1]\" class=\"fusion-lightbox\" target=\"_self\"><img decoding=\"async\" src=\"https:\/\/thesewingboxmag.com\/en\/wp-content\/uploads\/sites\/2\/2025\/01\/ta.jpg\" data-orig-src=\"https:\/\/thesewingboxmag.com\/en\/wp-content\/uploads\/sites\/2\/2025\/01\/ta.jpg\" width=\"500\" height=\"640\" alt=\"\" title=\"Vainica Kimono by Tata Patata for TSB 15\" aria-label=\"Vainica Kimono by Tata Patata for TSB 15\" class=\"lazyload img-responsive wp-image-17563\" srcset=\"data:image\/svg+xml,%3Csvg%20xmlns%3D%27http%3A%2F%2Fwww.w3.org%2F2000%2Fsvg%27%20width%3D%27500%27%20height%3D%27640%27%20viewBox%3D%270%200%20500%20640%27%3E%3Crect%20width%3D%27500%27%20height%3D%27640%27%20fill-opacity%3D%220%22%2F%3E%3C%2Fsvg%3E\" data-srcset=\"https:\/\/thesewingboxmag.com\/en\/wp-content\/uploads\/sites\/2\/2025\/01\/ta-200x256.jpg 200w, https:\/\/thesewingboxmag.com\/en\/wp-content\/uploads\/sites\/2\/2025\/01\/ta-400x512.jpg 400w, https:\/\/thesewingboxmag.com\/en\/wp-content\/uploads\/sites\/2\/2025\/01\/ta.jpg 500w\" data-sizes=\"auto\" data-orig-sizes=\"(min-width: 2200px) 100vw, (min-width: 784px) 417px, (min-width: 712px) 625px, (min-width: 640px) 712px, \" \/><\/a><\/div><\/div><div class=\"clearfix\"><\/div><div style=\"padding:5px;\" class=\"fusion-grid-column fusion-gallery-column fusion-gallery-column-3 hover-type-none\"><div class=\"fusion-gallery-image\"><a href=\"https:\/\/thesewingboxmag.com\/en\/wp-content\/uploads\/sites\/2\/2025\/01\/ma.jpg\" rel=\"noreferrer\" data-rel=\"iLightbox[gallery_image_1]\" class=\"fusion-lightbox\" target=\"_self\"><img decoding=\"async\" src=\"https:\/\/thesewingboxmag.com\/en\/wp-content\/uploads\/sites\/2\/2025\/01\/ma.jpg\" data-orig-src=\"https:\/\/thesewingboxmag.com\/en\/wp-content\/uploads\/sites\/2\/2025\/01\/ma.jpg\" width=\"500\" height=\"640\" alt=\"\" title=\"Hummingbird by Mabe Berrios for TSB 15\" aria-label=\"Hummingbird by Mabe Berrios for TSB 15\" class=\"lazyload img-responsive wp-image-17553\" srcset=\"data:image\/svg+xml,%3Csvg%20xmlns%3D%27http%3A%2F%2Fwww.w3.org%2F2000%2Fsvg%27%20width%3D%27500%27%20height%3D%27640%27%20viewBox%3D%270%200%20500%20640%27%3E%3Crect%20width%3D%27500%27%20height%3D%27640%27%20fill-opacity%3D%220%22%2F%3E%3C%2Fsvg%3E\" data-srcset=\"https:\/\/thesewingboxmag.com\/en\/wp-content\/uploads\/sites\/2\/2025\/01\/ma-200x256.jpg 200w, https:\/\/thesewingboxmag.com\/en\/wp-content\/uploads\/sites\/2\/2025\/01\/ma-400x512.jpg 400w, https:\/\/thesewingboxmag.com\/en\/wp-content\/uploads\/sites\/2\/2025\/01\/ma.jpg 500w\" data-sizes=\"auto\" data-orig-sizes=\"(min-width: 2200px) 100vw, (min-width: 784px) 417px, (min-width: 712px) 625px, (min-width: 640px) 712px, \" \/><\/a><\/div><\/div><div style=\"padding:5px;\" class=\"fusion-grid-column fusion-gallery-column fusion-gallery-column-3 hover-type-none\"><div class=\"fusion-gallery-image\"><a href=\"https:\/\/thesewingboxmag.com\/en\/wp-content\/uploads\/sites\/2\/2025\/01\/we.jpg\" rel=\"noreferrer\" data-rel=\"iLightbox[gallery_image_1]\" class=\"fusion-lightbox\" target=\"_self\"><img decoding=\"async\" src=\"https:\/\/thesewingboxmag.com\/en\/wp-content\/uploads\/sites\/2\/2025\/01\/we.jpg\" data-orig-src=\"https:\/\/thesewingboxmag.com\/en\/wp-content\/uploads\/sites\/2\/2025\/01\/we.jpg\" width=\"500\" height=\"640\" alt=\"\" title=\"we\" aria-label=\"we\" class=\"lazyload img-responsive wp-image-17552\" srcset=\"data:image\/svg+xml,%3Csvg%20xmlns%3D%27http%3A%2F%2Fwww.w3.org%2F2000%2Fsvg%27%20width%3D%27500%27%20height%3D%27640%27%20viewBox%3D%270%200%20500%20640%27%3E%3Crect%20width%3D%27500%27%20height%3D%27640%27%20fill-opacity%3D%220%22%2F%3E%3C%2Fsvg%3E\" data-srcset=\"https:\/\/thesewingboxmag.com\/en\/wp-content\/uploads\/sites\/2\/2025\/01\/we-200x256.jpg 200w, https:\/\/thesewingboxmag.com\/en\/wp-content\/uploads\/sites\/2\/2025\/01\/we-400x512.jpg 400w, https:\/\/thesewingboxmag.com\/en\/wp-content\/uploads\/sites\/2\/2025\/01\/we.jpg 500w\" data-sizes=\"auto\" data-orig-sizes=\"(min-width: 2200px) 100vw, (min-width: 784px) 417px, (min-width: 712px) 625px, (min-width: 640px) 712px, \" \/><\/a><\/div><\/div><\/div><\/div><\/div><\/div><\/div><\/div>\n","protected":false},"excerpt":{"rendered":"","protected":false},"author":19,"featured_media":17500,"parent":0,"menu_order":0,"comment_status":"closed","ping_status":"closed","template":"100-width.php","meta":{"footnotes":""},"class_list":["post-17544","page","type-page","status-publish","has-post-thumbnail","hentry"],"_links":{"self":[{"href":"https:\/\/thesewingboxmag.com\/en\/wp-json\/wp\/v2\/pages\/17544","targetHints":{"allow":["GET"]}}],"collection":[{"href":"https:\/\/thesewingboxmag.com\/en\/wp-json\/wp\/v2\/pages"}],"about":[{"href":"https:\/\/thesewingboxmag.com\/en\/wp-json\/wp\/v2\/types\/page"}],"author":[{"embeddable":true,"href":"https:\/\/thesewingboxmag.com\/en\/wp-json\/wp\/v2\/users\/19"}],"replies":[{"embeddable":true,"href":"https:\/\/thesewingboxmag.com\/en\/wp-json\/wp\/v2\/comments?post=17544"}],"version-history":[{"count":0,"href":"https:\/\/thesewingboxmag.com\/en\/wp-json\/wp\/v2\/pages\/17544\/revisions"}],"wp:featuredmedia":[{"embeddable":true,"href":"https:\/\/thesewingboxmag.com\/en\/wp-json\/wp\/v2\/media\/17500"}],"wp:attachment":[{"href":"https:\/\/thesewingboxmag.com\/en\/wp-json\/wp\/v2\/media?parent=17544"}],"curies":[{"name":"wp","href":"https:\/\/api.w.org\/{rel}","templated":true}]}}